{"id":1139,"date":"2018-10-10T12:00:29","date_gmt":"2018-10-10T12:00:29","guid":{"rendered":"https:\/\/rtfr.wpengine.com\/?page_id=1139"},"modified":"2019-09-09T10:44:02","modified_gmt":"2019-09-09T10:44:02","slug":"home","status":"publish","type":"page","link":"https:\/\/releasethefirstreport.com\/de","title":{"rendered":"Home"},"content":{"rendered":"<p>[et_pb_section fb_built=&#8220;1&#8243; fullwidth=&#8220;on&#8220; _builder_version=&#8220;3.22&#8243; fb_built=&#8220;1&#8243; _i=&#8220;0&#8243; _address=&#8220;0&#8243;][et_pb_fullwidth_image src=&#8220;https:\/\/rtfr.wpengine.com\/wp-content\/uploads\/2019\/08\/ReleasedReport.jpg&#8220; _builder_version=&#8220;3.27.3&#8243; hover_enabled=&#8220;0&#8243;][\/et_pb_fullwidth_image][\/et_pb_section][et_pb_section fb_built=&#8220;1&#8243; specialty=&#8220;on&#8220; _builder_version=&#8220;3.22&#8243; custom_padding=&#8220;0|0px|0|0px|false|false&#8220; fb_built=&#8220;1&#8243; _i=&#8220;1&#8243; _address=&#8220;1&#8243;][et_pb_column type=&#8220;1_2&#8243; specialty_columns=&#8220;2&#8243; _builder_version=&#8220;3.25&#8243; custom_padding=&#8220;|||&#8220; _i=&#8220;0&#8243; _address=&#8220;1.0&#8243; custom_padding__hover=&#8220;|||&#8220;][et_pb_row_inner _builder_version=&#8220;3.25&#8243; custom_padding=&#8220;29.6875px|0px|22px|0px|false|false&#8220; _i=&#8220;0&#8243; _address=&#8220;1.0.0&#8243;][et_pb_column_inner saved_specialty_column_type=&#8220;1_2&#8243; _builder_version=&#8220;3.25&#8243; custom_padding=&#8220;|||&#8220; _i=&#8220;0&#8243; _address=&#8220;1.0.0.0&#8243; custom_padding__hover=&#8220;|||&#8220;][et_pb_text _builder_version=&#8220;3.14&#8243; custom_margin=&#8220;||-1px|&#8220; custom_padding=&#8220;||0px|&#8220; _i=&#8220;0&#8243; _address=&#8220;1.0.0.0.0&#8243;]<\/p>\n<h1 style=\"text-align: center;\">Bitte unterschreiben Sie unsere Petition<\/h1>\n<p>[\/et_pb_text][et_pb_code _i=&#8220;1&#8243; _address=&#8220;1.0.0.0.1&#8243;]<!-- Begin MailChimp Signup Form --><!-- [et_pb_line_break_holder] --><link href=\"\/\/cdn-images.mailchimp.com\/embedcode\/classic-10_7.css\" rel=\"stylesheet\" type=\"text\/css\"><!-- [et_pb_line_break_holder] --><\/p>\n<style type=\"text\/css\"><!-- [et_pb_line_break_holder] --> #mc_embed_signup{background:#fff; clear:left; font:15px Arial,sans-serif; }<!-- [et_pb_line_break_holder] --> #mc-embedded-subscribe { background-color: #8dc63f !important; }<!-- [et_pb_line_break_holder] -->#mc-embedded-subscribe:hover { background-color: #d40000 !important; }<!-- [et_pb_line_break_holder] --> \/* Add your own MailChimp form style overrides in your site stylesheet or in this style block.<!-- [et_pb_line_break_holder] --> We recommend moving this block and the preceding CSS link to the HEAD of your HTML file. *\/<!-- [et_pb_line_break_holder] --><\/style>\n<p><!-- [et_pb_line_break_holder] --><\/p>\n<div id=\"mc_embed_signup\"><!-- [et_pb_line_break_holder] --><\/p>\n<form action=\"https:\/\/releasethefirstreport.us18.list-manage.com\/subscribe\/post?u=28017978e682696519703e2c1&#038;id=ebc22cdb27\" method=\"post\" id=\"mc-embedded-subscribe-form\" name=\"mc-embedded-subscribe-form\" class=\"validate\" target=\"none\" novalidate><!-- [et_pb_line_break_holder] --> <\/p>\n<div id=\"mc_embed_signup_scroll\"><!-- [et_pb_line_break_holder] --><\/p>\n<div class=\"indicates-required\"><span class=\"asterisk\">*<\/span> indicates required<\/div>\n<p><!-- [et_pb_line_break_holder] --><\/p>\n<div class=\"mc-field-group\"><!-- [et_pb_line_break_holder] --> <label for=\"mce-EMAIL\">E-Mail-Addresse<!-- [et_pb_line_break_holder] --> <span class=\"asterisk\">*<\/span><!-- [et_pb_line_break_holder] --><\/label><!-- [et_pb_line_break_holder] --> <input type=\"email\" value=\"\" name=\"EMAIL\" class=\"required email\" id=\"mce-EMAIL\"><!-- [et_pb_line_break_holder] --><\/div>\n<p><!-- [et_pb_line_break_holder] --><\/p>\n<div class=\"mc-field-group\"><!-- [et_pb_line_break_holder] --> <label for=\"mce-FNAME\">Vorname<!-- [et_pb_line_break_holder] --> <\/label><!-- [et_pb_line_break_holder] --> <input type=\"text\" value=\"\" name=\"FNAME\" class=\"\" id=\"mce-FNAME\"><!-- [et_pb_line_break_holder] --><\/div>\n<p><!-- [et_pb_line_break_holder] --><\/p>\n<div class=\"mc-field-group\"><!-- [et_pb_line_break_holder] --> <label for=\"mce-LNAME\">Nachname<!-- [et_pb_line_break_holder] --> <\/label><!-- [et_pb_line_break_holder] --> <input type=\"text\" value=\"\" name=\"LNAME\" class=\"\" id=\"mce-LNAME\"><!-- [et_pb_line_break_holder] --><\/div>\n<p><!-- [et_pb_line_break_holder] --><\/p>\n<div class=\"mc-field-group\"><!-- [et_pb_line_break_holder] --> <label for=\"mce-MMERGE5\">Land <span class=\"asterisk\">*<\/span><!-- [et_pb_line_break_holder] --><\/label><!-- [et_pb_line_break_holder] --> <input type=\"text\" value=\"\" name=\"MMERGE5\" class=\"required\" id=\"mce-MMERGE5\"><!-- [et_pb_line_break_holder] --><\/div>\n<p><!-- [et_pb_line_break_holder] --><\/p>\n<div class=\"mc-field-group input-group\"><!-- [et_pb_line_break_holder] --> <strong>Kontaktpr\u00e4ferenzen <\/strong><!-- [et_pb_line_break_holder] --> <\/p>\n<ul>\n<li><input type=\"checkbox\" value=\"1\" name=\"group[681][1]\" id=\"mce-group[681]-681-0\"><label for=\"mce-group[681]-681-0\">Halten Sie mich mit Nachrichten \u00fcber diese Kampagne auf dem Laufenden.<\/label><\/li>\n<p><!-- [et_pb_line_break_holder] --><\/p>\n<li><input type=\"checkbox\" value=\"2\" name=\"group[681][2]\" id=\"mce-group[681]-681-1\"><label for=\"mce-group[681]-681-1\">Ich w\u00fcrde ebenfalls gerne Mitglied der Kampagne \u201eYour Health Your Chice\u201c werden<\/label><\/li>\n<p><!-- [et_pb_line_break_holder] --><\/ul>\n<p><!-- [et_pb_line_break_holder] --><\/div>\n<p><!-- [et_pb_line_break_holder] --> <\/p>\n<div id=\"mce-responses\" class=\"clear\"><!-- [et_pb_line_break_holder] --> <\/p>\n<div class=\"response\" id=\"mce-error-response\" style=\"display:none\"><\/div>\n<p><!-- [et_pb_line_break_holder] --> <\/p>\n<div class=\"response\" id=\"mce-success-response\" style=\"display:none\"><\/div>\n<p><!-- [et_pb_line_break_holder] --> <\/div>\n<p> <!-- real people should not fill this in and expect good things - do not remove this or risk form bot signups--><!-- [et_pb_line_break_holder] --> <\/p>\n<div style=\"position: absolute; left: -5000px;\" aria-hidden=\"true\"><input type=\"text\" name=\"b_28017978e682696519703e2c1_ebc22cdb27\" tabindex=\"-1\" value=\"\"><\/div>\n<p><!-- [et_pb_line_break_holder] --> <\/p>\n<div class=\"clear\"><input type=\"submit\" value=\"Release The First Report!\" name=\"subscribe\" id=\"mc-embedded-subscribe\" class=\"button\"><\/div>\n<p><!-- [et_pb_line_break_holder] --> <\/div>\n<p><!-- [et_pb_line_break_holder] --><\/form>\n<p><!-- [et_pb_line_break_holder] --><\/div>\n<p><!-- [et_pb_line_break_holder] --><!-- [et_pb_line_break_holder] --><!--End mc_embed_signup-->[\/et_pb_code][et_pb_code _builder_version=&#8220;3.27.3&#8243; hover_enabled=&#8220;0&#8243; custom_margin=&#8220;-20px|||||&#8220;]<\/p>\n<div style=\"max-width:940px;margin: 0 auto; padding: 40px 0; background-color: #000000;\"><!-- [et_pb_line_break_holder] --><script src=\"https:\/\/fast.wistia.com\/embed\/medias\/f5ms3yns0t.jsonp\" async><\/script><script src=\"https:\/\/fast.wistia.com\/assets\/external\/E-v1.js\" async><\/script><\/p>\n<div class=\"wistia_responsive_padding\" style=\"padding:56.25% 0 0 0;position:relative;\">\n<div class=\"wistia_responsive_wrapper\" style=\"height:100%;left:0;position:absolute;top:0;width:100%;\">\n<div class=\"wistia_embed wistia_async_f5ms3yns0t videoFoam=true\" style=\"height:100%;position:relative;width:100%\">\n<div class=\"wistia_swatch\" style=\"height:100%;left:0;opacity:0;overflow:hidden;position:absolute;top:0;transition:opacity 200ms;width:100%;\"><img decoding=\"async\" src=\"https:\/\/fast.wistia.com\/embed\/medias\/f5ms3yns0t\/swatch\" style=\"filter:blur(5px);height:100%;object-fit:contain;width:100%;\" alt=\"\" onload=\"this.parentNode.style.opacity=1;\" \/><\/div>\n<\/div>\n<\/div>\n<\/div>\n<p><!-- [et_pb_line_break_holder] --><\/div>\n<p>[\/et_pb_code][\/et_pb_column_inner][\/et_pb_row_inner][\/et_pb_column][et_pb_column type=&#8220;1_2&#8243; _builder_version=&#8220;3.25&#8243; custom_padding=&#8220;|||&#8220; _i=&#8220;1&#8243; _address=&#8220;1.1&#8243; custom_padding__hover=&#8220;|||&#8220;][et_pb_text admin_label=&#8220;MailChimp sub count&#8220; _builder_version=&#8220;3.2.2&#8243; _i=&#8220;0&#8243; _address=&#8220;1.1.0&#8243;]<div class=\"et_pb_bg_layout_light et_pb_text_align_center et_pb_with_title\" style=\"margin: 0 auto 30px;\"><div class=\"percent\" style=\"position: relative;height: 72px;margin-bottom: 20px;\"><p style=\"font-size: 72px;font-weight: 500;line-height: 72px;\"><span class=\"percent-value\" id=\"hri_cc_counter\">75472<\/span><\/p><\/div><h3 class=\"title\">Menschen rund um die Welt weltweit verlangen die Ver\u00f6ffentlichung des ersten Berichts<\/h3><\/div><script>jQuery(document).ready(function(){ jQuery(\"#hri_cc_counter\").counterUp({ delay: 10, time: 2000 }); });window.cc.count = 75472;window.cc.message = \"Menschen rund um die Welt weltweit verlangen die Ver\u00f6ffentlichung des ersten Berichts\";<\/script><br \/>\n[\/et_pb_text][et_pb_video_slider controls_color=&#8220;light&#8220; _builder_version=&#8220;3.14&#8243; _i=&#8220;1&#8243; _address=&#8220;1.1.1&#8243;][et_pb_video_slider_item src=&#8220;https:\/\/youtu.be\/oUCU2TbFd70&#8243; _builder_version=&#8220;3.14&#8243; show_image_overlay=&#8220;off&#8220; _i=&#8220;0&#8243; _address=&#8220;1.1.1.0&#8243;][\/et_pb_video_slider_item][et_pb_video_slider_item src=&#8220;https:\/\/youtu.be\/qefdabuef50&#8243; _builder_version=&#8220;3.14&#8243; show_image_overlay=&#8220;off&#8220; _i=&#8220;1&#8243; _address=&#8220;1.1.1.1&#8243;][\/et_pb_video_slider_item][et_pb_video_slider_item src=&#8220;https:\/\/youtu.be\/dSHAVJpPQWg&#8220; _builder_version=&#8220;3.14&#8243; show_image_overlay=&#8220;off&#8220; _i=&#8220;2&#8243; _address=&#8220;1.1.1.2&#8243;][\/et_pb_video_slider_item][\/et_pb_video_slider][et_pb_text _builder_version=&#8220;3.14&#8243; _i=&#8220;2&#8243; _address=&#8220;1.1.2&#8243;]<\/p>\n<p style=\"text-align: center;\"><strong>Der Bericht des NHMRC \u00fcber Hom\u00f6opathie wird weltweit als wissenschaftlicher Beweis\u00a0daf\u00fcr verwendet, dass Hom\u00f6opathie nicht wirkt.<\/strong><\/p>\n<p style=\"text-align: center;\"><strong>Die \u00d6ffentlichkeit hat ein Recht auf das Ergebnis des ERSTEN Berichts.<\/strong><\/p>\n<p>[\/et_pb_text][et_pb_social_media_follow _builder_version=&#8220;3.2.2&#8243; text_orientation=&#8220;center&#8220; _i=&#8220;3&#8243; _address=&#8220;1.1.3&#8243; custom_margin=&#8220;||38px|||&#8220;][et_pb_social_media_follow_network social_network=&#8220;facebook&#8220; url=&#8220;https:\/\/www.facebook.com\/ReleaseTheFirstReport&#8220; _builder_version=&#8220;3.2.2&#8243; background_color=&#8220;#3b5998&#8243; follow_button=&#8220;off&#8220; url_new_window=&#8220;on&#8220; _i=&#8220;0&#8243; _address=&#8220;1.1.3.0&#8243;]facebook[\/et_pb_social_media_follow_network][et_pb_social_media_follow_network social_network=&#8220;twitter&#8220; url=&#8220;http:\/\/twitter.com\/showusaus&#8220; _builder_version=&#8220;3.2.2&#8243; background_color=&#8220;#00aced&#8220; follow_button=&#8220;off&#8220; url_new_window=&#8220;on&#8220; _i=&#8220;1&#8243; _address=&#8220;1.1.3.1&#8243;]twitter[\/et_pb_social_media_follow_network][et_pb_social_media_follow_network social_network=&#8220;instagram&#8220; url=&#8220;http:\/\/instagram.com\/showusaus&#8220; _builder_version=&#8220;3.2.2&#8243; background_color=&#8220;#ea2c59&#8243; follow_button=&#8220;off&#8220; url_new_window=&#8220;on&#8220; _i=&#8220;2&#8243; _address=&#8220;1.1.3.2&#8243;]instagram[\/et_pb_social_media_follow_network][\/et_pb_social_media_follow][et_pb_text _builder_version=&#8220;3.27.3&#8243; hover_enabled=&#8220;0&#8243; custom_margin=&#8220;60px|||||&#8220;]<\/p>\n<h4>Hintergrund<\/h4>\n<p>Das australische Regierungsinstitut f\u00fcr Forschung, NHMRC, machte Schlagzeilen mit ihrem 2015 ver\u00f6ffentlichten Bericht, die Hom\u00f6opathie sei f\u00fcr alle Art von Erkrankungen unwirksam. Das NHMRC berichtete jedoch niemals dar\u00fcber, dass der ver\u00f6ffentlichte Bericht nicht ihre urspr\u00fcnglichen Feststellungen enthielt. Es handelte sich hierbei um einen ZWEITEN Anlauf. Der ERSTE Bericht, den sie erstellten, wurde vollkommen verschwiegen. Dann pr\u00fcften sie erneut und ver\u00f6ffentlichten den ZWEITEN Bericht.<\/p>\n<p><span>Treten Sie der weltweit wachsenden Anzahl an Menschen bei, die die Ver\u00f6ffentlichung des ersten Berichts verlangen.<\/span> <a href=\"releasethefirstreport.com\/the-full-story\"><span>Die ganze Geschichte<\/span>.<\/a><\/p>\n<p>[\/et_pb_text][\/et_pb_column][\/et_pb_section][et_pb_section fb_built=&#8220;1&#8243; _builder_version=&#8220;3.22&#8243; background_color=&#8220;#8dc63f&#8220; custom_padding=&#8220;0|0px|0|0px|true|false&#8220; fb_built=&#8220;1&#8243; _i=&#8220;2&#8243; _address=&#8220;2&#8243;][et_pb_row _builder_version=&#8220;3.25&#8243; background_color=&#8220;#8dc63f&#8220; custom_padding=&#8220;50px|0px|50px|0px|false|false&#8220; _i=&#8220;0&#8243; _address=&#8220;2.0&#8243;][et_pb_column type=&#8220;4_4&#8243; _builder_version=&#8220;3.25&#8243; custom_padding=&#8220;|||&#8220; _i=&#8220;0&#8243; _address=&#8220;2.0.0&#8243; custom_padding__hover=&#8220;|||&#8220;][et_pb_image src=&#8220;https:\/\/rtfr.wpengine.com\/wp-content\/uploads\/2018\/05\/h-logo-greenbackground.png&#8220; align=&#8220;center&#8220; align_tablet=&#8220;center&#8220; align_last_edited=&#8220;on|desktop&#8220; _builder_version=&#8220;3.23&#8243; saved_tabs=&#8220;all&#8220; _i=&#8220;0&#8243; _address=&#8220;2.0.0.0&#8243;][\/et_pb_image][\/et_pb_column][\/et_pb_row][\/et_pb_section]<\/p>\n","protected":false},"excerpt":{"rendered":"<p>NHMRC\u2019s report on Homeopathy is being used worldwide as scientific proof that homeopathy doesn\u2019t work.<br \/>\nThe public has a right to see what result they got the FIRST time. Join the growing number of people around the world calling on NHMRC to #ReleaseTheFirstReport<\/p>\n","protected":false},"author":4,"featured_media":1334,"parent":0,"menu_order":0,"comment_status":"closed","ping_status":"closed","template":"","meta":{"_et_pb_use_builder":"on","_et_pb_old_content":"","footnotes":""},"class_list":["post-1139","page","type-page","status-publish","has-post-thumbnail","hentry"],"yoast_head":"<!-- This site is optimized with the Yoast SEO plugin v21.9 - https:\/\/yoast.com\/wordpress\/plugins\/seo\/ -->\n<title>Home - Release The First Report<\/title>\n<meta name=\"robots\" content=\"index, follow, max-snippet:-1, max-image-preview:large, max-video-preview:-1\" \/>\n<link rel=\"canonical\" href=\"https:\/\/releasethefirstreport.com\/de\" \/>\n<meta property=\"og:locale\" content=\"de_DE\" \/>\n<meta property=\"og:type\" content=\"article\" \/>\n<meta property=\"og:title\" content=\"Home - Release The First Report\" \/>\n<meta property=\"og:description\" content=\"NHMRC\u2019s report on Homeopathy is being used worldwide as scientific proof that homeopathy doesn\u2019t work. The public has a right to see what result they got the FIRST time. Join the growing number of people around the world calling on NHMRC to #ReleaseTheFirstReport\" \/>\n<meta property=\"og:url\" content=\"https:\/\/releasethefirstreport.com\/\" \/>\n<meta property=\"og:site_name\" content=\"Release The First Report\" \/>\n<meta property=\"article:modified_time\" content=\"2019-09-09T10:44:02+00:00\" \/>\n<meta property=\"og:image\" content=\"https:\/\/releasethefirstreport.com\/wp-content\/uploads\/2019\/08\/ReleasedReport.jpg\" \/>\n\t<meta property=\"og:image:width\" content=\"1024\" \/>\n\t<meta property=\"og:image:height\" content=\"512\" \/>\n\t<meta property=\"og:image:type\" content=\"image\/jpeg\" \/>\n<meta name=\"twitter:card\" content=\"summary_large_image\" \/>\n<meta name=\"twitter:label1\" content=\"Gesch\u00e4tzte Lesezeit\" \/>\n\t<meta name=\"twitter:data1\" content=\"3 Minuten\" \/>\n<script type=\"application\/ld+json\" class=\"yoast-schema-graph\">{\"@context\":\"https:\/\/schema.org\",\"@graph\":[{\"@type\":\"WebPage\",\"@id\":\"https:\/\/releasethefirstreport.com\/\",\"url\":\"https:\/\/releasethefirstreport.com\/\",\"name\":\"Home - Release The First Report\",\"isPartOf\":{\"@id\":\"https:\/\/releasethefirstreport.com\/#website\"},\"datePublished\":\"2018-10-10T12:00:29+00:00\",\"dateModified\":\"2019-09-09T10:44:02+00:00\",\"breadcrumb\":{\"@id\":\"https:\/\/releasethefirstreport.com\/#breadcrumb\"},\"inLanguage\":\"de-DE\",\"potentialAction\":[{\"@type\":\"ReadAction\",\"target\":[\"https:\/\/releasethefirstreport.com\/\"]}]},{\"@type\":\"BreadcrumbList\",\"@id\":\"https:\/\/releasethefirstreport.com\/#breadcrumb\",\"itemListElement\":[{\"@type\":\"ListItem\",\"position\":1,\"name\":\"Home\",\"item\":\"https:\/\/releasethefirstreport.com\/\"},{\"@type\":\"ListItem\",\"position\":2,\"name\":\"Home\"}]},{\"@type\":\"WebSite\",\"@id\":\"https:\/\/releasethefirstreport.com\/#website\",\"url\":\"https:\/\/releasethefirstreport.com\/\",\"name\":\"Release The First Report\",\"description\":\"Show us the first review\",\"potentialAction\":[{\"@type\":\"SearchAction\",\"target\":{\"@type\":\"EntryPoint\",\"urlTemplate\":\"https:\/\/releasethefirstreport.com\/?s={search_term_string}\"},\"query-input\":\"required name=search_term_string\"}],\"inLanguage\":\"de-DE\"}]}<\/script>\n<!-- \/ Yoast SEO plugin. -->","yoast_head_json":{"title":"Home - Release The First Report","robots":{"index":"index","follow":"follow","max-snippet":"max-snippet:-1","max-image-preview":"max-image-preview:large","max-video-preview":"max-video-preview:-1"},"canonical":"https:\/\/releasethefirstreport.com\/de","og_locale":"de_DE","og_type":"article","og_title":"Home - Release The First Report","og_description":"NHMRC\u2019s report on Homeopathy is being used worldwide as scientific proof that homeopathy doesn\u2019t work. The public has a right to see what result they got the FIRST time. Join the growing number of people around the world calling on NHMRC to #ReleaseTheFirstReport","og_url":"https:\/\/releasethefirstreport.com\/","og_site_name":"Release The First Report","article_modified_time":"2019-09-09T10:44:02+00:00","og_image":[{"width":1024,"height":512,"url":"https:\/\/releasethefirstreport.com\/wp-content\/uploads\/2019\/08\/ReleasedReport.jpg","type":"image\/jpeg"}],"twitter_card":"summary_large_image","twitter_misc":{"Gesch\u00e4tzte Lesezeit":"3 Minuten"},"schema":{"@context":"https:\/\/schema.org","@graph":[{"@type":"WebPage","@id":"https:\/\/releasethefirstreport.com\/","url":"https:\/\/releasethefirstreport.com\/","name":"Home - Release The First Report","isPartOf":{"@id":"https:\/\/releasethefirstreport.com\/#website"},"datePublished":"2018-10-10T12:00:29+00:00","dateModified":"2019-09-09T10:44:02+00:00","breadcrumb":{"@id":"https:\/\/releasethefirstreport.com\/#breadcrumb"},"inLanguage":"de-DE","potentialAction":[{"@type":"ReadAction","target":["https:\/\/releasethefirstreport.com\/"]}]},{"@type":"BreadcrumbList","@id":"https:\/\/releasethefirstreport.com\/#breadcrumb","itemListElement":[{"@type":"ListItem","position":1,"name":"Home","item":"https:\/\/releasethefirstreport.com\/"},{"@type":"ListItem","position":2,"name":"Home"}]},{"@type":"WebSite","@id":"https:\/\/releasethefirstreport.com\/#website","url":"https:\/\/releasethefirstreport.com\/","name":"Release The First Report","description":"Show us the first review","potentialAction":[{"@type":"SearchAction","target":{"@type":"EntryPoint","urlTemplate":"https:\/\/releasethefirstreport.com\/?s={search_term_string}"},"query-input":"required name=search_term_string"}],"inLanguage":"de-DE"}]}},"_links":{"self":[{"href":"https:\/\/releasethefirstreport.com\/de\/wp-json\/wp\/v2\/pages\/1139","targetHints":{"allow":["GET"]}}],"collection":[{"href":"https:\/\/releasethefirstreport.com\/de\/wp-json\/wp\/v2\/pages"}],"about":[{"href":"https:\/\/releasethefirstreport.com\/de\/wp-json\/wp\/v2\/types\/page"}],"author":[{"embeddable":true,"href":"https:\/\/releasethefirstreport.com\/de\/wp-json\/wp\/v2\/users\/4"}],"replies":[{"embeddable":true,"href":"https:\/\/releasethefirstreport.com\/de\/wp-json\/wp\/v2\/comments?post=1139"}],"version-history":[{"count":0,"href":"https:\/\/releasethefirstreport.com\/de\/wp-json\/wp\/v2\/pages\/1139\/revisions"}],"wp:featuredmedia":[{"embeddable":true,"href":"https:\/\/releasethefirstreport.com\/de\/wp-json\/wp\/v2\/media\/1334"}],"wp:attachment":[{"href":"https:\/\/releasethefirstreport.com\/de\/wp-json\/wp\/v2\/media?parent=1139"}],"curies":[{"name":"wp","href":"https:\/\/api.w.org\/{rel}","templated":true}]}}