{"id":1163,"date":"2018-10-10T13:01:59","date_gmt":"2018-10-10T13:01:59","guid":{"rendered":"https:\/\/rtfr.wpengine.com\/?page_id=1163"},"modified":"2018-10-10T13:13:37","modified_gmt":"2018-10-10T13:13:37","slug":"hintergrund","status":"publish","type":"page","link":"https:\/\/releasethefirstreport.com\/de\/hintergrund","title":{"rendered":"Hintergrund"},"content":{"rendered":"<p>[et_pb_section fb_built=&#8220;1&#8243; _builder_version=&#8220;3.0.47&#8243; custom_padding=&#8220;54px|0px|50px|0px|false|false&#8220;][et_pb_row custom_padding=&#8220;0|0px|0|0px|false|false&#8220; _builder_version=&#8220;3.0.47&#8243; background_size=&#8220;initial&#8220; background_position=&#8220;top_left&#8220; background_repeat=&#8220;repeat&#8220;][et_pb_column type=&#8220;2_3&#8243; _builder_version=&#8220;3.0.47&#8243; parallax=&#8220;off&#8220; parallax_method=&#8220;on&#8220;][et_pb_text _builder_version=&#8220;3.10&#8243;]<\/p>\n<h3><span style=\"font-weight: 400;\">Die Wahl des Patienten sch\u00fctzen<\/span><\/h3>\n<p><span style=\"font-weight: 400;\">Die Kampagne \u201c<strong>ReleaseTheFirstReport<\/strong>\u201c (Ver\u00f6ffentlicht den ersten Bericht) basiert auf der preisgekr\u00f6nten Kampagne \u201cDeine Gesundheit, Deine Wahl\u201d Diese Kampagne ist sehr erfolgreich, weil sie den Verbrauchern eine Stimme verleiht, um so den Zugang zu Komplement\u00e4r und Alternativmedizin in Australien zu sch\u00fctzen. \u201eYour Health Your Choice\u201c weckte Bewusstsein bez\u00fcglich des fehlerhaften NHMRC Berichts von 2015 und auf ihrer Webseite haben sie eine Petition eingerichtet, die die australische Regierung aufruft, dass das NHMCR sich einer Befragung des Senates stellen soll.<\/span><\/p>\n<p><span style=\"font-weight: 400;\">Die Unterschrift unter diese Petition soll die australische Regierung daran erinnern, dass nicht nu a<\/span><span style=\"font-weight: 400;\">ustralische Verbraucher, sondern Verbraucher auf der ganzen Welt von diesem Bericht\u00a0<\/span><span style=\"font-weight: 400;\">betroffen sind.<\/span><\/p>\n<p><span style=\"font-weight: 400;\">Deshalb sagen wir, \u201ces ist genug\u201d. Es wird Zeit, dass das NHMRC f\u00fcr seine wissenschaftliche\u00a0<\/span><span style=\"font-weight: 400;\">Irref\u00fchrung zur Rechenschaft gezogen wird und dass der erste Berichtet herausgegeben\u00a0<\/span><span style=\"font-weight: 400;\">wird.<\/span><\/p>\n<p>&nbsp;<\/p>\n<h3><span style=\"font-weight: 400;\">Bewahren der Hom\u00f6opathie und der Therapiewahl des Patienten: Warum ihre Unterschrift\u00a0<\/span>wichtig ist.<\/h3>\n<p><span style=\"font-weight: 400;\">Hom\u00f6opathie wird seit Jahrhunderten angewendet, dennoch gibt es 2018 eine starke Lobby\u00a0<\/span><span style=\"font-weight: 400;\">einer kleinen Anzahl von gut vernetzten Menschen, so z.B. \u201cFreunde der wissenschaftlichen\u00a0<\/span><span style=\"font-weight: 400;\">Medizin\u201d, deren Ziel es ist, die Hom\u00f6opathie als eine Option der medizinischen\u00a0<\/span><span style=\"font-weight: 400;\">Grundversorgung abzuschaffen.<\/span><\/p>\n<p><span style=\"font-weight: 400;\">Niemand wird gezwungen, Komplement\u00e4rmedizin anzuwenden. Aber jene Personen\u00a0<\/span><span style=\"font-weight: 400;\">arbeiten unerm\u00fcdlich daran- ob politisch oder in den Medien- anderen Menschen den Zugang zu\u00a0<\/span><span style=\"font-weight: 400;\">der Medizin und Behandlungsform, die sie wertsch\u00e4tzen und anwenden wollen, zu\u00a0<\/span><span style=\"font-weight: 400;\">verwehren.<\/span><\/p>\n<p><span style=\"font-weight: 400;\">Weshalb diese \u201cSkeptiker\u201d denken, dass sie das Recht h\u00e4tten so zu handeln, ist ein\u00a0<\/span><span style=\"font-weight: 400;\">Mysterium. Aber ihr Ziel ist klar. Es soll keine andere Medizin au\u00dfer der konventionellen\u00a0<\/span><span style=\"font-weight: 400;\">allopathischen Medizin geben, trotz der Risiken, die oft damit einhergehen.<\/span><\/p>\n<p><span style=\"font-weight: 400;\">Unter diesem Druck ist es noch nie eiliger gewesen, f\u00fcr die Bewahrung der Hom\u00f6opathie\u00a0<\/span><span style=\"font-weight: 400;\">zu k\u00e4mpfen.<\/span><\/p>\n<p>&nbsp;<\/p>\n<p><span style=\"color: #333333; font-size: 22px;\">Errinert Australien daran, dass sie dabei sind sich von anderen L<span>\u00e4<\/span>ndern abzugrenzen<\/span><span style=\"font-size: 15px;\">\u00a0<\/span><\/p>\n<p><span style=\"font-weight: 400;\">Die WHO erkennt Hom\u00f6opathie als das an zweiter Stelle stehende medizinische System der Welt an. Wissenschaftliche Untersuchungen aus der Schweiz ergaben, dass sie eine\u00a0<\/span><span style=\"font-weight: 400;\">\u201cwirksame, angemessene und kosteneffektive\u201d L\u00f6sung sei und weltweit von \u00fcber 200\u00a0<\/span><span style=\"font-weight: 400;\">Millionen Menschen angewendet werde.<\/span><\/p>\n<p><span style=\"font-weight: 400;\">\u00dcber 100 Millionen Europ\u00e4er wenden frei verk\u00e4ufliche oder verordnete hom\u00f6opathische\u00a0<\/span><span style=\"font-weight: 400;\">Arzneimittel an. Im Vereinigten K\u00f6nigreich sind es 10% der Bev\u00f6lkerung, gesch\u00e4tzte 6\u00a0<\/span><span style=\"font-weight: 400;\">Millionen Menschen.<\/span><\/p>\n<p>\u00a0<span style=\"font-size: 15px;\">In Indien gibt es mehr als 200 000 hom\u00f6opathische \u00c4rzte und die hom\u00f6opathische\u00a0<\/span><span style=\"font-size: 15px;\">Behandlung ist neben der konventionellen Medizin in der medizinischen Versorgung fest integriert.<\/span><span style=\"font-size: 15px;\">\u00a0<\/span><\/p>\n<p>\u00a0<span style=\"font-size: 15px;\">Die Schweizer haben erfolgreich f\u00fcr den Zugang zur hom\u00f6opathischen Behandlung\u00a0<\/span><span style=\"font-size: 15px;\">gek\u00e4mpft. Die Schweizer Regierung garantiert Hom\u00f6opathie und Komplement\u00e4rmedizin den\u00a0<\/span><span style=\"font-size: 15px;\">gleichen Status wie der Schulmedizin. Im gleichen Jahr 2012, in dem die Schweiz einen\u00a0<\/span><span style=\"font-size: 15px;\">bedeutenden Bericht mit der Schlussfolgerung ver\u00f6ffentlichte, dass Hom\u00f6opathie klinisch wirksam ist, arbeitete Australiens NHMRC an der Studie, die Gesundheitsbeh\u00f6rden heute\u00a0<\/span><span style=\"font-size: 15px;\">nutzen, um die Hom\u00f6opathie zu beschr\u00e4nken.<\/span><\/p>\n<p><span style=\"font-weight: 400;\">Patienten haben ein Recht darauf, Therapien zu w\u00e4hlen, die ihnen helfen.\u00a0<\/span><span style=\"font-size: 15px;\">NHMCRs Missachtung der wissenschaftlichen Protokolle in dieser Studie schafft einen\u00a0<\/span><span style=\"font-size: 15px;\">alarmierenden Pr\u00e4zedenzfall von Manipulation im Gesundheitswesen.<\/span><\/p>\n<p><strong style=\"font-size: 15px;\"><span style=\"font-weight: 400;\">Fordern Sie die Herausgabe des ersten Berichts.<\/span><\/strong><\/p>\n<p>[\/et_pb_text][\/et_pb_column][et_pb_column type=&#8220;1_3&#8243; _builder_version=&#8220;3.0.47&#8243; parallax=&#8220;off&#8220; parallax_method=&#8220;on&#8220;][et_pb_testimonial portrait_url=&#8220;https:\/\/rtfr.wpengine.com\/wp-content\/uploads\/2018\/05\/gdendrinos.jpeg&#8220; quote_icon_color=&#8220;#ffffff&#8220; quote_icon_background_color=&#8220;#8dc63f&#8220; portrait_width=&#8220;165px&#8220; portrait_height=&#8220;165&#8243; _builder_version=&#8220;3.2.2&#8243; box_shadow_style=&#8220;preset2&#8243;]<\/p>\n<p><em><span style=\"font-weight: 400;\">Die Aufgabe des NHMRC lautete, die Nachweisbarkeit der Hom\u00f6opathie genau zusammenzufassen.<\/span><\/em><\/p>\n<p><em><span style=\"font-weight: 400;\">Das Ergebnis aber war, dass die \u00dcberpr\u00fcfung der Studie einseitig war, sie ignorierte positive\u00a0<\/span><span style=\"font-weight: 400;\">Nachweise und verstie\u00df gegen den gesetzlich vorgeschriebenen Forschungsstandard.<\/span><\/em><\/p>\n<p><em><span style=\"font-weight: 400;\">Es ist nicht nur schlechte Wissenschaft. Es erweckt auch gr\u00f6\u00dfte Bedenken gegen\u00fcber der\u00a0<\/span><span style=\"font-weight: 400;\">Richtigkeit der von NHMCR durchgef\u00fchrten Reviews.<\/span><\/em><\/p>\n<p><em><span style=\"font-weight: 400;\">Aus diesem Grunde mu\u00dfte dieser Vorgang dem Ombudsmann vorgelegt werden.<\/span><\/em><\/p>\n<p><strong>Gerry Dendrinos<br \/> <\/strong>President<br \/> Australian Homoeopathic Association<\/p>\n<p>[\/et_pb_testimonial][et_pb_video src=&#8220;https:\/\/youtu.be\/tTX_PQrsz8Y&#8220; _builder_version=&#8220;3.8&#8243; custom_margin=&#8220;||5px|&#8220;][\/et_pb_video][et_pb_text _builder_version=&#8220;3.8&#8243;]<\/p>\n<p style=\"text-align: center;\">The Need for Homeopathy<\/p>\n<p>[\/et_pb_text][et_pb_video src=&#8220;https:\/\/youtu.be\/ufBdqHf8480&#8243; _builder_version=&#8220;3.10&#8243; custom_margin=&#8220;||5px|&#8220;][\/et_pb_video][et_pb_text _builder_version=&#8220;3.10&#8243;]<\/p>\n<p style=\"text-align: center;\">Australian QC on Ombudsman Complaint<\/p>\n<p>[\/et_pb_text][et_pb_text _builder_version=&#8220;3.10&#8243;]\r\n<div id=\"sb_instagram\"  class=\"sbi sbi_mob_col_4 sbi_tab_col_4 sbi_col_4 sbi_width_resp\" style=\"padding-bottom: 10px;width: 100%;\" data-feedid=\"sbi_#12\"  data-res=\"auto\" data-cols=\"4\" data-colsmobile=\"4\" data-colstablet=\"4\" data-num=\"12\" data-nummobile=\"\" data-shortcode-atts=\"{}\"  data-postid=\"1163\" data-locatornonce=\"b51ae7b6c0\" data-sbi-flags=\"favorLocal,gdpr\">\r\n\t\r\n    <div id=\"sbi_images\"  style=\"padding: 5px;\">\r\n\t\t    <\/div>\r\n\r\n\t<div id=\"sbi_load\" >\r\n\r\n\t\r\n\t\r\n<\/div>\r\n\r\n\t    <span class=\"sbi_resized_image_data\" data-feed-id=\"sbi_#12\" data-resized=\"[]\">\n\t<\/span>\n\t<\/div>\r\n\r\n<br \/>\n[\/et_pb_text][\/et_pb_column][\/et_pb_row][\/et_pb_section][et_pb_section fb_built=&#8220;1&#8243; _builder_version=&#8220;3.2.2&#8243; background_color=&#8220;#8dc63f&#8220; custom_padding=&#8220;0|0px|0|0px|false|false&#8220;][et_pb_row custom_padding=&#8220;50px|0px|50px|0px|false|false&#8220; _builder_version=&#8220;3.2.2&#8243; background_color=&#8220;#8dc63f&#8220;][et_pb_column type=&#8220;4_4&#8243; _builder_version=&#8220;3.0.47&#8243; parallax=&#8220;off&#8220; parallax_method=&#8220;on&#8220;][et_pb_image src=&#8220;https:\/\/rtfr.wpengine.com\/wp-content\/uploads\/2018\/05\/h-logo-greenbackground.png&#8220; align=&#8220;center&#8220; _builder_version=&#8220;3.2.2&#8243;][\/et_pb_image][\/et_pb_column][\/et_pb_row][\/et_pb_section]<\/p>\n","protected":false},"excerpt":{"rendered":"<p>[et_pb_section fb_built=&#8220;1&#8243; _builder_version=&#8220;3.0.47&#8243; custom_padding=&#8220;54px|0px|50px|0px|false|false&#8220;][et_pb_row custom_padding=&#8220;0|0px|0|0px|false|false&#8220; _builder_version=&#8220;3.0.47&#8243; background_size=&#8220;initial&#8220; background_position=&#8220;top_left&#8220; background_repeat=&#8220;repeat&#8220;][et_pb_column type=&#8220;2_3&#8243; _builder_version=&#8220;3.0.47&#8243; parallax=&#8220;off&#8220; parallax_method=&#8220;on&#8220;][et_pb_text _builder_version=&#8220;3.10&#8243;] Die Wahl des Patienten sch\u00fctzen Die Kampagne \u201cReleaseTheFirstReport\u201c (Ver\u00f6ffentlicht den ersten Bericht) basiert auf der preisgekr\u00f6nten Kampagne \u201cDeine Gesundheit, Deine Wahl\u201d Diese Kampagne ist sehr erfolgreich, weil sie den Verbrauchern eine Stimme verleiht, um so den Zugang zu Komplement\u00e4r und Alternativmedizin [&hellip;]<\/p>\n","protected":false},"author":4,"featured_media":0,"parent":0,"menu_order":0,"comment_status":"closed","ping_status":"closed","template":"","meta":{"_et_pb_use_builder":"on","_et_pb_old_content":"","footnotes":""},"class_list":["post-1163","page","type-page","status-publish","hentry"],"yoast_head":"<!-- This site is optimized with the Yoast SEO plugin v21.9 - https:\/\/yoast.com\/wordpress\/plugins\/seo\/ -->\n<title>Hintergrund - Release The First Report<\/title>\n<meta name=\"robots\" content=\"index, follow, max-snippet:-1, max-image-preview:large, max-video-preview:-1\" \/>\n<link rel=\"canonical\" href=\"https:\/\/releasethefirstreport.com\/de\/background\" \/>\n<meta property=\"og:locale\" content=\"de_DE\" \/>\n<meta property=\"og:type\" content=\"article\" \/>\n<meta property=\"og:title\" content=\"Hintergrund - Release The First Report\" \/>\n<meta property=\"og:description\" content=\"[et_pb_section fb_built=&#8220;1&#8243; _builder_version=&#8220;3.0.47&#8243; custom_padding=&#8220;54px|0px|50px|0px|false|false&#8220;][et_pb_row custom_padding=&#8220;0|0px|0|0px|false|false&#8220; _builder_version=&#8220;3.0.47&#8243; background_size=&#8220;initial&#8220; background_position=&#8220;top_left&#8220; background_repeat=&#8220;repeat&#8220;][et_pb_column type=&#8220;2_3&#8243; _builder_version=&#8220;3.0.47&#8243; parallax=&#8220;off&#8220; parallax_method=&#8220;on&#8220;][et_pb_text _builder_version=&#8220;3.10&#8243;] Die Wahl des Patienten sch\u00fctzen Die Kampagne \u201cReleaseTheFirstReport\u201c (Ver\u00f6ffentlicht den ersten Bericht) basiert auf der preisgekr\u00f6nten Kampagne \u201cDeine Gesundheit, Deine Wahl\u201d Diese Kampagne ist sehr erfolgreich, weil sie den Verbrauchern eine Stimme verleiht, um so den Zugang zu Komplement\u00e4r und Alternativmedizin [&hellip;]\" \/>\n<meta property=\"og:url\" content=\"https:\/\/releasethefirstreport.com\/background\" \/>\n<meta property=\"og:site_name\" content=\"Release The First Report\" \/>\n<meta property=\"article:modified_time\" content=\"2018-10-10T13:13:37+00:00\" \/>\n<meta property=\"og:image\" content=\"https:\/\/releasethefirstreport.com\/wp-content\/uploads\/2018\/09\/Facebook.png\" \/>\n\t<meta property=\"og:image:width\" content=\"1200\" \/>\n\t<meta property=\"og:image:height\" content=\"630\" \/>\n\t<meta property=\"og:image:type\" content=\"image\/png\" \/>\n<meta name=\"twitter:card\" content=\"summary_large_image\" \/>\n<meta name=\"twitter:label1\" content=\"Gesch\u00e4tzte Lesezeit\" \/>\n\t<meta name=\"twitter:data1\" content=\"4 Minuten\" \/>\n<script type=\"application\/ld+json\" class=\"yoast-schema-graph\">{\"@context\":\"https:\/\/schema.org\",\"@graph\":[{\"@type\":\"WebPage\",\"@id\":\"https:\/\/releasethefirstreport.com\/background\",\"url\":\"https:\/\/releasethefirstreport.com\/background\",\"name\":\"Hintergrund - Release The First Report\",\"isPartOf\":{\"@id\":\"https:\/\/releasethefirstreport.com\/#website\"},\"datePublished\":\"2018-10-10T13:01:59+00:00\",\"dateModified\":\"2018-10-10T13:13:37+00:00\",\"breadcrumb\":{\"@id\":\"https:\/\/releasethefirstreport.com\/background#breadcrumb\"},\"inLanguage\":\"de-DE\",\"potentialAction\":[{\"@type\":\"ReadAction\",\"target\":[\"https:\/\/releasethefirstreport.com\/background\"]}]},{\"@type\":\"BreadcrumbList\",\"@id\":\"https:\/\/releasethefirstreport.com\/background#breadcrumb\",\"itemListElement\":[{\"@type\":\"ListItem\",\"position\":1,\"name\":\"Home\",\"item\":\"https:\/\/releasethefirstreport.com\/\"},{\"@type\":\"ListItem\",\"position\":2,\"name\":\"Hintergrund\"}]},{\"@type\":\"WebSite\",\"@id\":\"https:\/\/releasethefirstreport.com\/#website\",\"url\":\"https:\/\/releasethefirstreport.com\/\",\"name\":\"Release The First Report\",\"description\":\"Show us the first review\",\"potentialAction\":[{\"@type\":\"SearchAction\",\"target\":{\"@type\":\"EntryPoint\",\"urlTemplate\":\"https:\/\/releasethefirstreport.com\/?s={search_term_string}\"},\"query-input\":\"required name=search_term_string\"}],\"inLanguage\":\"de-DE\"}]}<\/script>\n<!-- \/ Yoast SEO plugin. -->","yoast_head_json":{"title":"Hintergrund - Release The First Report","robots":{"index":"index","follow":"follow","max-snippet":"max-snippet:-1","max-image-preview":"max-image-preview:large","max-video-preview":"max-video-preview:-1"},"canonical":"https:\/\/releasethefirstreport.com\/de\/background","og_locale":"de_DE","og_type":"article","og_title":"Hintergrund - Release The First Report","og_description":"[et_pb_section fb_built=&#8220;1&#8243; _builder_version=&#8220;3.0.47&#8243; custom_padding=&#8220;54px|0px|50px|0px|false|false&#8220;][et_pb_row custom_padding=&#8220;0|0px|0|0px|false|false&#8220; _builder_version=&#8220;3.0.47&#8243; background_size=&#8220;initial&#8220; background_position=&#8220;top_left&#8220; background_repeat=&#8220;repeat&#8220;][et_pb_column type=&#8220;2_3&#8243; _builder_version=&#8220;3.0.47&#8243; parallax=&#8220;off&#8220; parallax_method=&#8220;on&#8220;][et_pb_text _builder_version=&#8220;3.10&#8243;] Die Wahl des Patienten sch\u00fctzen Die Kampagne \u201cReleaseTheFirstReport\u201c (Ver\u00f6ffentlicht den ersten Bericht) basiert auf der preisgekr\u00f6nten Kampagne \u201cDeine Gesundheit, Deine Wahl\u201d Diese Kampagne ist sehr erfolgreich, weil sie den Verbrauchern eine Stimme verleiht, um so den Zugang zu Komplement\u00e4r und Alternativmedizin [&hellip;]","og_url":"https:\/\/releasethefirstreport.com\/background","og_site_name":"Release The First Report","article_modified_time":"2018-10-10T13:13:37+00:00","og_image":[{"width":1200,"height":630,"url":"https:\/\/releasethefirstreport.com\/wp-content\/uploads\/2018\/09\/Facebook.png","type":"image\/png"}],"twitter_card":"summary_large_image","twitter_misc":{"Gesch\u00e4tzte Lesezeit":"4 Minuten"},"schema":{"@context":"https:\/\/schema.org","@graph":[{"@type":"WebPage","@id":"https:\/\/releasethefirstreport.com\/background","url":"https:\/\/releasethefirstreport.com\/background","name":"Hintergrund - Release The First Report","isPartOf":{"@id":"https:\/\/releasethefirstreport.com\/#website"},"datePublished":"2018-10-10T13:01:59+00:00","dateModified":"2018-10-10T13:13:37+00:00","breadcrumb":{"@id":"https:\/\/releasethefirstreport.com\/background#breadcrumb"},"inLanguage":"de-DE","potentialAction":[{"@type":"ReadAction","target":["https:\/\/releasethefirstreport.com\/background"]}]},{"@type":"BreadcrumbList","@id":"https:\/\/releasethefirstreport.com\/background#breadcrumb","itemListElement":[{"@type":"ListItem","position":1,"name":"Home","item":"https:\/\/releasethefirstreport.com\/"},{"@type":"ListItem","position":2,"name":"Hintergrund"}]},{"@type":"WebSite","@id":"https:\/\/releasethefirstreport.com\/#website","url":"https:\/\/releasethefirstreport.com\/","name":"Release The First Report","description":"Show us the first review","potentialAction":[{"@type":"SearchAction","target":{"@type":"EntryPoint","urlTemplate":"https:\/\/releasethefirstreport.com\/?s={search_term_string}"},"query-input":"required name=search_term_string"}],"inLanguage":"de-DE"}]}},"_links":{"self":[{"href":"https:\/\/releasethefirstreport.com\/de\/wp-json\/wp\/v2\/pages\/1163","targetHints":{"allow":["GET"]}}],"collection":[{"href":"https:\/\/releasethefirstreport.com\/de\/wp-json\/wp\/v2\/pages"}],"about":[{"href":"https:\/\/releasethefirstreport.com\/de\/wp-json\/wp\/v2\/types\/page"}],"author":[{"embeddable":true,"href":"https:\/\/releasethefirstreport.com\/de\/wp-json\/wp\/v2\/users\/4"}],"replies":[{"embeddable":true,"href":"https:\/\/releasethefirstreport.com\/de\/wp-json\/wp\/v2\/comments?post=1163"}],"version-history":[{"count":0,"href":"https:\/\/releasethefirstreport.com\/de\/wp-json\/wp\/v2\/pages\/1163\/revisions"}],"wp:attachment":[{"href":"https:\/\/releasethefirstreport.com\/de\/wp-json\/wp\/v2\/media?parent=1163"}],"curies":[{"name":"wp","href":"https:\/\/api.w.org\/{rel}","templated":true}]}}