{"id":1171,"date":"2018-10-10T13:14:28","date_gmt":"2018-10-10T13:14:28","guid":{"rendered":"https:\/\/rtfr.wpengine.com\/?page_id=1171"},"modified":"2018-10-10T13:17:20","modified_gmt":"2018-10-10T13:17:20","slug":"unterzeichnen-sie-die-petition","status":"publish","type":"page","link":"https:\/\/releasethefirstreport.com\/de\/unterzeichnen-sie-die-petition","title":{"rendered":"Unterzeichnen Sie die Petition"},"content":{"rendered":"<p>[et_pb_section fb_built=&#8220;1&#8243; _builder_version=&#8220;3.0.47&#8243; custom_padding=&#8220;3px|0px|0|0px|false|false&#8220;][et_pb_row custom_padding=&#8220;50px|0px|27px|0px|false|false&#8220; _builder_version=&#8220;3.2.2&#8243; background_size=&#8220;initial&#8220; background_position=&#8220;top_left&#8220; background_repeat=&#8220;repeat&#8220; module_alignment=&#8220;center&#8220;][et_pb_column type=&#8220;1_2&#8243; _builder_version=&#8220;3.0.47&#8243; parallax=&#8220;off&#8220; parallax_method=&#8220;on&#8220;][et_pb_text _builder_version=&#8220;3.8&#8243;]<\/p>\n<h1>\u00a0 <span style=\"font-weight: 400;\">Unterzeichnen Sie die Petition<\/span><\/h1>\n<p><script type=\"text\/javascript\" src=\"\/\/platform-api.sharethis.com\/js\/sharethis.js#property=5b0e926643a707001159fde7&amp;product=sticky-share-buttons\" async=\"async\">\/\/ <![CDATA[<meta property=\"og:description\" content=\"I just called on @NHMRC to #ReleaseTheFirstReport via releasethefirstreport.com - Add your voice\"\/>\n\/\/ ]]><\/script> [\/et_pb_text][et_pb_code _builder_version=&#8220;3.8&#8243; custom_margin=&#8220;-15px||0px|&#8220;]&lt;!&#8211; Begin MailChimp Signup Form &#8211;&gt;&lt;!&#8211; [et_pb_line_break_holder] &#8211;&gt;&lt;link href=&quot;\/\/cdn-images.mailchimp.com\/embedcode\/classic-10_7.css&quot; rel=&quot;stylesheet&quot; type=&quot;text\/css&quot;&gt;&lt;!&#8211; [et_pb_line_break_holder] &#8211;&gt;&lt;style type=&quot;text\/css&quot;&gt;&lt;!&#8211; [et_pb_line_break_holder] &#8211;&gt; #mc_embed_signup{background:#fff; clear:left; font:15px Arial,sans-serif; }&lt;!&#8211; [et_pb_line_break_holder] &#8211;&gt; #mc-embedded-subscribe { background-color: #8dc63f !important; }&lt;!&#8211; [et_pb_line_break_holder] &#8211;&gt;#mc-embedded-subscribe:hover { background-color: #d40000 !important; }&lt;!&#8211; [et_pb_line_break_holder] &#8211;&gt; \/* Add your own MailChimp form style overrides in your site stylesheet or in this style block.&lt;!&#8211; [et_pb_line_break_holder] &#8211;&gt; We recommend moving this block and the preceding CSS link to the HEAD of your HTML file. *\/&lt;!&#8211; [et_pb_line_break_holder] &#8211;&gt;&lt;\/style&gt;&lt;!&#8211; [et_pb_line_break_holder] &#8211;&gt;&lt;div id=&quot;mc_embed_signup&quot;&gt;&lt;!&#8211; [et_pb_line_break_holder] &#8211;&gt;&lt;form action=&quot;https:\/\/releasethefirstreport.us18.list-manage.com\/subscribe\/post?u=28017978e682696519703e2c1&amp;id=ebc22cdb27&quot; method=&quot;post&quot; id=&quot;mc-embedded-subscribe-form&quot; name=&quot;mc-embedded-subscribe-form&quot; class=&quot;validate&quot; target=&quot;none&quot; novalidate&gt;&lt;!&#8211; [et_pb_line_break_holder] &#8211;&gt; &lt;div id=&quot;mc_embed_signup_scroll&quot;&gt;&lt;!&#8211; [et_pb_line_break_holder] &#8211;&gt;&lt;div class=&quot;indicates-required&quot;&gt;&lt;span class=&quot;asterisk&quot;&gt;*&lt;\/span&gt; indicates required&lt;\/div&gt;&lt;!&#8211; [et_pb_line_break_holder] &#8211;&gt;&lt;div class=&quot;mc-field-group&quot;&gt;&lt;!&#8211; [et_pb_line_break_holder] &#8211;&gt; &lt;label for=&quot;mce-EMAIL&quot;&gt;Email Address &lt;span class=&quot;asterisk&quot;&gt;*&lt;\/span&gt;&lt;!&#8211; [et_pb_line_break_holder] &#8211;&gt;&lt;\/label&gt;&lt;!&#8211; [et_pb_line_break_holder] &#8211;&gt; &lt;input type=&quot;email&quot; value=&quot;&quot; name=&quot;EMAIL&quot; class=&quot;required email&quot; id=&quot;mce-EMAIL&quot;&gt;&lt;!&#8211; [et_pb_line_break_holder] &#8211;&gt;&lt;\/div&gt;&lt;!&#8211; [et_pb_line_break_holder] &#8211;&gt;&lt;div class=&quot;mc-field-group&quot;&gt;&lt;!&#8211; [et_pb_line_break_holder] &#8211;&gt; &lt;label for=&quot;mce-FNAME&quot;&gt;First Name &lt;\/label&gt;&lt;!&#8211; [et_pb_line_break_holder] &#8211;&gt; &lt;input type=&quot;text&quot; value=&quot;&quot; name=&quot;FNAME&quot; class=&quot;&quot; id=&quot;mce-FNAME&quot;&gt;&lt;!&#8211; [et_pb_line_break_holder] &#8211;&gt;&lt;\/div&gt;&lt;!&#8211; [et_pb_line_break_holder] &#8211;&gt;&lt;div class=&quot;mc-field-group&quot;&gt;&lt;!&#8211; [et_pb_line_break_holder] &#8211;&gt; &lt;label for=&quot;mce-LNAME&quot;&gt;Last Name &lt;\/label&gt;&lt;!&#8211; [et_pb_line_break_holder] &#8211;&gt; &lt;input type=&quot;text&quot; value=&quot;&quot; name=&quot;LNAME&quot; class=&quot;&quot; id=&quot;mce-LNAME&quot;&gt;&lt;!&#8211; [et_pb_line_break_holder] &#8211;&gt;&lt;\/div&gt;&lt;!&#8211; [et_pb_line_break_holder] &#8211;&gt;&lt;div class=&quot;mc-field-group&quot;&gt;&lt;!&#8211; [et_pb_line_break_holder] &#8211;&gt; &lt;label for=&quot;mce-MMERGE5&quot;&gt;Country &lt;span class=&quot;asterisk&quot;&gt;*&lt;\/span&gt;&lt;!&#8211; [et_pb_line_break_holder] &#8211;&gt;&lt;\/label&gt;&lt;!&#8211; [et_pb_line_break_holder] &#8211;&gt; &lt;input type=&quot;text&quot; value=&quot;&quot; name=&quot;MMERGE5&quot; class=&quot;required&quot; id=&quot;mce-MMERGE5&quot;&gt;&lt;!&#8211; [et_pb_line_break_holder] &#8211;&gt;&lt;\/div&gt;&lt;!&#8211; [et_pb_line_break_holder] &#8211;&gt;&lt;div class=&quot;mc-field-group input-group&quot;&gt;&lt;!&#8211; [et_pb_line_break_holder] &#8211;&gt; &lt;strong&gt;Contact preferences &lt;\/strong&gt;&lt;!&#8211; [et_pb_line_break_holder] &#8211;&gt; &lt;ul&gt;&lt;li&gt;&lt;input type=&quot;checkbox&quot; value=&quot;1&quot; name=&quot;group[681][1]&quot; id=&quot;mce-group[681]-681-0&quot;&gt;&lt;label for=&quot;mce-group[681]-681-0&quot;&gt;Please keep me updated with news of this campaign&lt;\/label&gt;&lt;\/li&gt;&lt;!&#8211; [et_pb_line_break_holder] &#8211;&gt;&lt;li&gt;&lt;input type=&quot;checkbox&quot; value=&quot;2&quot; name=&quot;group[681][2]&quot; id=&quot;mce-group[681]-681-1&quot;&gt;&lt;label for=&quot;mce-group[681]-681-1&quot;&gt;I would also like to join the Your Health Your Choice campaign to protect patient choice&lt;\/label&gt;&lt;\/li&gt;&lt;!&#8211; [et_pb_line_break_holder] &#8211;&gt;&lt;\/ul&gt;&lt;!&#8211; [et_pb_line_break_holder] &#8211;&gt;&lt;\/div&gt;&lt;!&#8211; [et_pb_line_break_holder] &#8211;&gt; &lt;div id=&quot;mce-responses&quot; class=&quot;clear&quot;&gt;&lt;!&#8211; [et_pb_line_break_holder] &#8211;&gt; &lt;div class=&quot;response&quot; id=&quot;mce-error-response&quot; style=&quot;display:none&quot;&gt;&lt;\/div&gt;&lt;!&#8211; [et_pb_line_break_holder] &#8211;&gt; &lt;div class=&quot;response&quot; id=&quot;mce-success-response&quot; style=&quot;display:none&quot;&gt;&lt;\/div&gt;&lt;!&#8211; [et_pb_line_break_holder] &#8211;&gt; &lt;\/div&gt; &lt;!&#8211; real people should not fill this in and expect good things &#8211; do not remove this or risk form bot signups&#8211;&gt;&lt;!&#8211; [et_pb_line_break_holder] &#8211;&gt; &lt;div style=&quot;position: absolute; left: -5000px;&quot; aria-hidden=&quot;true&quot;&gt;&lt;input type=&quot;text&quot; name=&quot;b_28017978e682696519703e2c1_ebc22cdb27&quot; tabindex=&quot;-1&quot; value=&quot;&quot;&gt;&lt;\/div&gt;&lt;!&#8211; [et_pb_line_break_holder] &#8211;&gt; &lt;div class=&quot;clear&quot;&gt;&lt;input type=&quot;submit&quot; value=&quot;Release The First Report!&quot; name=&quot;subscribe&quot; id=&quot;mc-embedded-subscribe&quot; class=&quot;button&quot;&gt;&lt;\/div&gt;&lt;!&#8211; [et_pb_line_break_holder] &#8211;&gt; &lt;\/div&gt;&lt;!&#8211; [et_pb_line_break_holder] &#8211;&gt;&lt;\/form&gt;&lt;!&#8211; [et_pb_line_break_holder] &#8211;&gt;&lt;\/div&gt;&lt;!&#8211; [et_pb_line_break_holder] &#8211;&gt;&lt;!&#8211; [et_pb_line_break_holder] &#8211;&gt;&lt;!&#8211;End mc_embed_signup&#8211;&gt;[\/et_pb_code][\/et_pb_column][et_pb_column type=&#8220;1_2&#8243; _builder_version=&#8220;3.0.47&#8243; parallax=&#8220;off&#8220; parallax_method=&#8220;on&#8220;][et_pb_text _builder_version=&#8220;3.2.2&#8243;]<\/p>\n<h2><span style=\"font-weight: 400;\">Mischen Sie sich ein<\/span><\/h2>\n<p><span style=\"font-weight: 400;\"><strong><\/strong><\/span><\/p>\n<p><span style=\"font-weight: 400;\"><strong>Unterschreiben Sie<\/strong> &#8211; F\u00fcgen Sie Ihren Namen zu dem von anderen auf der ganzen Welt, die\u00a0<\/span><span style=\"font-weight: 400;\">wollen, dass dass NHMCR seinen ersten Bericht ver\u00f6ffentlicht.Es braucht nur wenig Zeit, das\u00a0<\/span><span style=\"font-weight: 400;\">Formular auszuf\u00fcllen, aber Ihre Eingabe k\u00f6nnte den Unterschied machen.<\/span><\/p>\n<p><span style=\"font-weight: 400;\">Teilen Sie Ihre Erfahrungen mit uns, Freunden, Familie, jedermann. Je mehr Menschen die\u00a0<\/span><span style=\"font-weight: 400;\">Vorz\u00fcge der Hom\u00f6opathie kennen und wissen, dass Hom\u00f6opathie jemandem geholfen hat,\u00a0<\/span><span style=\"font-weight: 400;\">desto schwerer wird es, deren Effektivit\u00e4t abzustreiten.<\/span><\/p>\n<p><span style=\"font-weight: 400;\"><strong>Engagieren Sie sich bei uns<\/strong>. Wenn Sie die Option update w\u00e4hlen, hei\u00dft das, dass Sie unverz\u00fcglich \u00fcber unsere letzten Aktivit\u00e4ten und Entwicklungen dieser Kampagne informiert werden. Sie k\u00f6nnen sich ebenfalls mit uns \u00fcber Soziale Netzwerke verbinden und uns so helfen,\u00a0<\/span><span style=\"font-weight: 400;\">Neuigkeiten zu verbreiten.<\/span><\/p>\n<p><span style=\"font-weight: 400;\"><strong>Spenden Sie<\/strong>. Kampagnen kosten Geld- so spenden Sie bitte was auch immer Sie zu geben\u00a0<\/span><span style=\"font-weight: 400;\">verm\u00f6gen, damit unser Ziel, der versteckte NHMRC-Bericht, ans Tageslicht kommt.\u00a0<\/span><span style=\"font-size: 15px;\"><\/span><a href=\"http:\/\/www.4homeopathy.org\/donate\/\" style=\"font-size: 15px;\">Spenden Sie jetz<\/a><span style=\"font-size: 15px;\">!<\/span><\/p>\n<p>[\/et_pb_text][et_pb_social_media_follow _builder_version=&#8220;3.2.2&#8243; text_orientation=&#8220;center&#8220;][et_pb_social_media_follow_network social_network=&#8220;facebook&#8220; url=&#8220;https:\/\/www.facebook.com\/ReleaseTheFirstReport\/&#8220; _builder_version=&#8220;3.2.2&#8243; background_color=&#8220;#3b5998&#8243; follow_button=&#8220;off&#8220; url_new_window=&#8220;on&#8220;]facebook[\/et_pb_social_media_follow_network][et_pb_social_media_follow_network social_network=&#8220;twitter&#8220; url=&#8220;http:\/\/twitter.com\/showusaus&#8220; _builder_version=&#8220;3.2.2&#8243; background_color=&#8220;#00aced&#8220; follow_button=&#8220;off&#8220; url_new_window=&#8220;on&#8220;]twitter[\/et_pb_social_media_follow_network][et_pb_social_media_follow_network social_network=&#8220;instagram&#8220; url=&#8220;http:\/\/instagram.com\/showusaus&#8220; _builder_version=&#8220;3.2.2&#8243; background_color=&#8220;#ea2c59&#8243; follow_button=&#8220;off&#8220; url_new_window=&#8220;on&#8220;]instagram[\/et_pb_social_media_follow_network][\/et_pb_social_media_follow][\/et_pb_column][\/et_pb_row][\/et_pb_section][et_pb_section fb_built=&#8220;1&#8243; _builder_version=&#8220;3.2.2&#8243; background_color=&#8220;#8dc63f&#8220; custom_padding=&#8220;0|0px|0|0px|false|false&#8220;][et_pb_row custom_padding=&#8220;50px|0px|50px|0px|false|false&#8220; _builder_version=&#8220;3.2.2&#8243; background_color=&#8220;#8dc63f&#8220;][et_pb_column type=&#8220;4_4&#8243; _builder_version=&#8220;3.0.47&#8243; parallax=&#8220;off&#8220; parallax_method=&#8220;on&#8220;][et_pb_image src=&#8220;https:\/\/rtfr.wpengine.com\/wp-content\/uploads\/2018\/05\/h-logo-greenbackground.png&#8220; align=&#8220;center&#8220; _builder_version=&#8220;3.2.2&#8243; background_color=&#8220;#8dc63f&#8220;][\/et_pb_image][\/et_pb_column][\/et_pb_row][\/et_pb_section]<\/p>\n","protected":false},"excerpt":{"rendered":"<p>NHMRC\u2019s report on Homeopathy is being used worldwide as scientific proof that homeopathy doesn\u2019t work.<br \/>\nThe public has a right to see what result they got the FIRST time. Join the growing number of people around the world calling on NHMRC to #ReleaseTheFirstReport<\/p>\n","protected":false},"author":4,"featured_media":1143,"parent":0,"menu_order":0,"comment_status":"closed","ping_status":"closed","template":"","meta":{"_et_pb_use_builder":"on","_et_pb_old_content":"","footnotes":""},"class_list":["post-1171","page","type-page","status-publish","has-post-thumbnail","hentry"],"yoast_head":"<!-- This site is optimized with the Yoast SEO plugin v21.9 - https:\/\/yoast.com\/wordpress\/plugins\/seo\/ -->\n<title>Unterzeichnen Sie die Petition - Release The First Report<\/title>\n<meta name=\"robots\" content=\"index, follow, max-snippet:-1, max-image-preview:large, max-video-preview:-1\" \/>\n<link rel=\"canonical\" href=\"https:\/\/releasethefirstreport.com\/de\/join-the-campaign\" \/>\n<meta property=\"og:locale\" content=\"de_DE\" \/>\n<meta property=\"og:type\" content=\"article\" \/>\n<meta property=\"og:title\" content=\"Unterzeichnen Sie die Petition - Release The First Report\" \/>\n<meta property=\"og:description\" content=\"NHMRC\u2019s report on Homeopathy is being used worldwide as scientific proof that homeopathy doesn\u2019t work. The public has a right to see what result they got the FIRST time. Join the growing number of people around the world calling on NHMRC to #ReleaseTheFirstReport\" \/>\n<meta property=\"og:url\" content=\"https:\/\/releasethefirstreport.com\/join-the-campaign\" \/>\n<meta property=\"og:site_name\" content=\"Release The First Report\" \/>\n<meta property=\"article:modified_time\" content=\"2018-10-10T13:17:20+00:00\" \/>\n<meta property=\"og:image\" content=\"https:\/\/releasethefirstreport.com\/wp-content\/uploads\/2018\/08\/SHOW-AUSTRALIATHE-WORLDIS-WATCHING-1.png\" \/>\n\t<meta property=\"og:image:width\" content=\"1200\" \/>\n\t<meta property=\"og:image:height\" content=\"630\" \/>\n\t<meta property=\"og:image:type\" content=\"image\/png\" \/>\n<meta name=\"twitter:card\" content=\"summary_large_image\" \/>\n<meta name=\"twitter:label1\" content=\"Gesch\u00e4tzte Lesezeit\" \/>\n\t<meta name=\"twitter:data1\" content=\"8 Minuten\" \/>\n<script type=\"application\/ld+json\" class=\"yoast-schema-graph\">{\"@context\":\"https:\/\/schema.org\",\"@graph\":[{\"@type\":\"WebPage\",\"@id\":\"https:\/\/releasethefirstreport.com\/join-the-campaign\",\"url\":\"https:\/\/releasethefirstreport.com\/join-the-campaign\",\"name\":\"Unterzeichnen Sie die Petition - Release The First Report\",\"isPartOf\":{\"@id\":\"https:\/\/releasethefirstreport.com\/#website\"},\"datePublished\":\"2018-10-10T13:14:28+00:00\",\"dateModified\":\"2018-10-10T13:17:20+00:00\",\"breadcrumb\":{\"@id\":\"https:\/\/releasethefirstreport.com\/join-the-campaign#breadcrumb\"},\"inLanguage\":\"de-DE\",\"potentialAction\":[{\"@type\":\"ReadAction\",\"target\":[\"https:\/\/releasethefirstreport.com\/join-the-campaign\"]}]},{\"@type\":\"BreadcrumbList\",\"@id\":\"https:\/\/releasethefirstreport.com\/join-the-campaign#breadcrumb\",\"itemListElement\":[{\"@type\":\"ListItem\",\"position\":1,\"name\":\"Home\",\"item\":\"https:\/\/releasethefirstreport.com\/\"},{\"@type\":\"ListItem\",\"position\":2,\"name\":\"Unterzeichnen Sie die Petition\"}]},{\"@type\":\"WebSite\",\"@id\":\"https:\/\/releasethefirstreport.com\/#website\",\"url\":\"https:\/\/releasethefirstreport.com\/\",\"name\":\"Release The First Report\",\"description\":\"Show us the first review\",\"potentialAction\":[{\"@type\":\"SearchAction\",\"target\":{\"@type\":\"EntryPoint\",\"urlTemplate\":\"https:\/\/releasethefirstreport.com\/?s={search_term_string}\"},\"query-input\":\"required name=search_term_string\"}],\"inLanguage\":\"de-DE\"}]}<\/script>\n<!-- \/ Yoast SEO plugin. -->","yoast_head_json":{"title":"Unterzeichnen Sie die Petition - Release The First Report","robots":{"index":"index","follow":"follow","max-snippet":"max-snippet:-1","max-image-preview":"max-image-preview:large","max-video-preview":"max-video-preview:-1"},"canonical":"https:\/\/releasethefirstreport.com\/de\/join-the-campaign","og_locale":"de_DE","og_type":"article","og_title":"Unterzeichnen Sie die Petition - Release The First Report","og_description":"NHMRC\u2019s report on Homeopathy is being used worldwide as scientific proof that homeopathy doesn\u2019t work. The public has a right to see what result they got the FIRST time. Join the growing number of people around the world calling on NHMRC to #ReleaseTheFirstReport","og_url":"https:\/\/releasethefirstreport.com\/join-the-campaign","og_site_name":"Release The First Report","article_modified_time":"2018-10-10T13:17:20+00:00","og_image":[{"width":1200,"height":630,"url":"https:\/\/releasethefirstreport.com\/wp-content\/uploads\/2018\/08\/SHOW-AUSTRALIATHE-WORLDIS-WATCHING-1.png","type":"image\/png"}],"twitter_card":"summary_large_image","twitter_misc":{"Gesch\u00e4tzte Lesezeit":"8 Minuten"},"schema":{"@context":"https:\/\/schema.org","@graph":[{"@type":"WebPage","@id":"https:\/\/releasethefirstreport.com\/join-the-campaign","url":"https:\/\/releasethefirstreport.com\/join-the-campaign","name":"Unterzeichnen Sie die Petition - Release The First Report","isPartOf":{"@id":"https:\/\/releasethefirstreport.com\/#website"},"datePublished":"2018-10-10T13:14:28+00:00","dateModified":"2018-10-10T13:17:20+00:00","breadcrumb":{"@id":"https:\/\/releasethefirstreport.com\/join-the-campaign#breadcrumb"},"inLanguage":"de-DE","potentialAction":[{"@type":"ReadAction","target":["https:\/\/releasethefirstreport.com\/join-the-campaign"]}]},{"@type":"BreadcrumbList","@id":"https:\/\/releasethefirstreport.com\/join-the-campaign#breadcrumb","itemListElement":[{"@type":"ListItem","position":1,"name":"Home","item":"https:\/\/releasethefirstreport.com\/"},{"@type":"ListItem","position":2,"name":"Unterzeichnen Sie die Petition"}]},{"@type":"WebSite","@id":"https:\/\/releasethefirstreport.com\/#website","url":"https:\/\/releasethefirstreport.com\/","name":"Release The First Report","description":"Show us the first review","potentialAction":[{"@type":"SearchAction","target":{"@type":"EntryPoint","urlTemplate":"https:\/\/releasethefirstreport.com\/?s={search_term_string}"},"query-input":"required name=search_term_string"}],"inLanguage":"de-DE"}]}},"_links":{"self":[{"href":"https:\/\/releasethefirstreport.com\/de\/wp-json\/wp\/v2\/pages\/1171","targetHints":{"allow":["GET"]}}],"collection":[{"href":"https:\/\/releasethefirstreport.com\/de\/wp-json\/wp\/v2\/pages"}],"about":[{"href":"https:\/\/releasethefirstreport.com\/de\/wp-json\/wp\/v2\/types\/page"}],"author":[{"embeddable":true,"href":"https:\/\/releasethefirstreport.com\/de\/wp-json\/wp\/v2\/users\/4"}],"replies":[{"embeddable":true,"href":"https:\/\/releasethefirstreport.com\/de\/wp-json\/wp\/v2\/comments?post=1171"}],"version-history":[{"count":0,"href":"https:\/\/releasethefirstreport.com\/de\/wp-json\/wp\/v2\/pages\/1171\/revisions"}],"wp:featuredmedia":[{"embeddable":true,"href":"https:\/\/releasethefirstreport.com\/de\/wp-json\/wp\/v2\/media\/1143"}],"wp:attachment":[{"href":"https:\/\/releasethefirstreport.com\/de\/wp-json\/wp\/v2\/media?parent=1171"}],"curies":[{"name":"wp","href":"https:\/\/api.w.org\/{rel}","templated":true}]}}