{"id":1123,"date":"2018-10-08T16:10:37","date_gmt":"2018-10-08T16:10:37","guid":{"rendered":"https:\/\/rtfr.wpengine.com\/?page_id=1123"},"modified":"2018-10-08T20:25:15","modified_gmt":"2018-10-08T20:25:15","slug":"firme-la-peticion","status":"publish","type":"page","link":"https:\/\/releasethefirstreport.com\/es\/firme-la-peticion","title":{"rendered":"Firme la petici\u00f3n"},"content":{"rendered":"<p>[et_pb_section fb_built=\u00bb1&#8243; _builder_version=\u00bb3.0.47&#8243; custom_padding=\u00bb3px|0px|0|0px|false|false\u00bb][et_pb_row custom_padding=\u00bb50px|0px|27px|0px|false|false\u00bb _builder_version=\u00bb3.2.2&#8243; background_size=\u00bbinitial\u00bb background_position=\u00bbtop_left\u00bb background_repeat=\u00bbrepeat\u00bb module_alignment=\u00bbcenter\u00bb][et_pb_column type=\u00bb1_2&#8243; _builder_version=\u00bb3.0.47&#8243; parallax=\u00bboff\u00bb parallax_method=\u00bbon\u00bb][et_pb_text _builder_version=\u00bb3.8&#8243;]<\/p>\n<h1>\u00a0 Firme la petici\u00f3n<\/h1>\n<p><script type=\"text\/javascript\" src=\"\/\/platform-api.sharethis.com\/js\/sharethis.js#property=5b0e926643a707001159fde7&amp;product=sticky-share-buttons\" async=\"async\">\/\/ <![CDATA[<meta property=\"og:description\" content=\"I just called on @NHMRC to #ReleaseTheFirstReport via releasethefirstreport.com - Add your voice\"\/>\n\/\/ ]]><\/script><br \/>\n[\/et_pb_text][et_pb_code _builder_version=\u00bb3.14&#8243; custom_margin=\u00bb-15px||0px|\u00bb]&lt;!&#8211; Begin MailChimp Signup Form &#8211;&gt;&lt;!&#8211; [et_pb_line_break_holder] &#8211;&gt;&lt;link href=&quot;\/\/cdn-images.mailchimp.com\/embedcode\/classic-10_7.css&quot; rel=&quot;stylesheet&quot; type=&quot;text\/css&quot;&gt;&lt;!&#8211; [et_pb_line_break_holder] &#8211;&gt;&lt;style type=&quot;text\/css&quot;&gt;&lt;!&#8211; [et_pb_line_break_holder] &#8211;&gt;#mc_embed_signup{background:#fff; clear:left; font:15px Arial,sans-serif; }&lt;!&#8211; [et_pb_line_break_holder] &#8211;&gt;#mc-embedded-subscribe { background-color: #8dc63f !important; }&lt;!&#8211; [et_pb_line_break_holder] &#8211;&gt;#mc-embedded-subscribe:hover { background-color: #d40000 !important; }&lt;!&#8211; [et_pb_line_break_holder] &#8211;&gt;\/* Add your own MailChimp form style overrides in your site stylesheet or in this style block.&lt;!&#8211; [et_pb_line_break_holder] &#8211;&gt;We recommend moving this block and the preceding CSS link to the HEAD of your HTML file. *\/&lt;!&#8211; [et_pb_line_break_holder] &#8211;&gt;&lt;\/style&gt;&lt;!&#8211; [et_pb_line_break_holder] &#8211;&gt;&lt;div id=&quot;mc_embed_signup&quot;&gt;&lt;!&#8211; [et_pb_line_break_holder] &#8211;&gt;&lt;form action=&quot;https:\/\/releasethefirstreport.us18.list-manage.com\/subscribe\/post?u=28017978e682696519703e2c1&amp;id=ebc22cdb27&quot; method=&quot;post&quot; id=&quot;mc-embedded-subscribe-form&quot; name=&quot;mc-embedded-subscribe-form&quot; class=&quot;validate&quot; target=&quot;none&quot; novalidate&gt;&lt;!&#8211; [et_pb_line_break_holder] &#8211;&gt;&lt;div id=&quot;mc_embed_signup_scroll&quot;&gt;&lt;!&#8211; [et_pb_line_break_holder] &#8211;&gt;&lt;div class=&quot;indicates-required&quot;&gt;&lt;span class=&quot;asterisk&quot;&gt;*&lt;\/span&gt; indicates required&lt;\/div&gt;&lt;!&#8211; [et_pb_line_break_holder] &#8211;&gt;&lt;div class=&quot;mc-field-group&quot;&gt;&lt;!&#8211; [et_pb_line_break_holder] &#8211;&gt;&lt;label for=&quot;mce-EMAIL&quot;&gt;Direcci\u00f3n de correo electr\u00f3nico &lt;span class=&quot;asterisk&quot;&gt;*&lt;\/span&gt;&lt;!&#8211; [et_pb_line_break_holder] &#8211;&gt;&lt;\/label&gt;&lt;!&#8211; [et_pb_line_break_holder] &#8211;&gt;&lt;input type=&quot;email&quot; value=&quot;&quot; name=&quot;EMAIL&quot; class=&quot;required email&quot; id=&quot;mce-EMAIL&quot;&gt;&lt;!&#8211; [et_pb_line_break_holder] &#8211;&gt;&lt;\/div&gt;&lt;!&#8211; [et_pb_line_break_holder] &#8211;&gt;&lt;div class=&quot;mc-field-group&quot;&gt;&lt;!&#8211; [et_pb_line_break_holder] &#8211;&gt;&lt;label for=&quot;mce-FNAME&quot;&gt;Nombre de pila &lt;\/label&gt;&lt;!&#8211; [et_pb_line_break_holder] &#8211;&gt;&lt;input type=&quot;text&quot; value=&quot;&quot; name=&quot;FNAME&quot; class=&quot;&quot; id=&quot;mce-FNAME&quot;&gt;&lt;!&#8211; [et_pb_line_break_holder] &#8211;&gt;&lt;\/div&gt;&lt;!&#8211; [et_pb_line_break_holder] &#8211;&gt;&lt;div class=&quot;mc-field-group&quot;&gt;&lt;!&#8211; [et_pb_line_break_holder] &#8211;&gt;&lt;label for=&quot;mce-LNAME&quot;&gt;Apellido &lt;\/label&gt;&lt;!&#8211; [et_pb_line_break_holder] &#8211;&gt;&lt;input type=&quot;text&quot; value=&quot;&quot; name=&quot;LNAME&quot; class=&quot;&quot; id=&quot;mce-LNAME&quot;&gt;&lt;!&#8211; [et_pb_line_break_holder] &#8211;&gt;&lt;\/div&gt;&lt;!&#8211; [et_pb_line_break_holder] &#8211;&gt;&lt;div class=&quot;mc-field-group&quot;&gt;&lt;!&#8211; [et_pb_line_break_holder] &#8211;&gt;&lt;label for=&quot;mce-MMERGE5&quot;&gt;Pa\u00eds &lt;span class=&quot;asterisk&quot;&gt;*&lt;\/span&gt;&lt;!&#8211; [et_pb_line_break_holder] &#8211;&gt;&lt;\/label&gt;&lt;!&#8211; [et_pb_line_break_holder] &#8211;&gt;&lt;input type=&quot;text&quot; value=&quot;&quot; name=&quot;MMERGE5&quot; class=&quot;required&quot; id=&quot;mce-MMERGE5&quot;&gt;&lt;!&#8211; [et_pb_line_break_holder] &#8211;&gt;&lt;\/div&gt;&lt;!&#8211; [et_pb_line_break_holder] &#8211;&gt;&lt;div class=&quot;mc-field-group input-group&quot;&gt;&lt;!&#8211; [et_pb_line_break_holder] &#8211;&gt;&lt;strong&gt;Preferencias de contacto &lt;\/strong&gt;&lt;!&#8211; [et_pb_line_break_holder] &#8211;&gt;&lt;ul&gt;&lt;li&gt;&lt;input type=&quot;checkbox&quot; value=&quot;1&quot; name=&quot;group[681][1]&quot; id=&quot;mce-group[681]-681-0&quot;&gt;&lt;label for=&quot;mce-group[681]-681-0&quot;&gt;Deseo que me mantengan informado\/a de las novedades de esta campa\u00f1a&lt;\/label&gt;&lt;\/li&gt;&lt;!&#8211; [et_pb_line_break_holder] &#8211;&gt;&lt;li&gt;&lt;input type=&quot;checkbox&quot; value=&quot;2&quot; name=&quot;group[681][2]&quot; id=&quot;mce-group[681]-681-1&quot;&gt;&lt;label for=&quot;mce-group[681]-681-1&quot;&gt;Me gustar\u00eda unirme a la campa\u00f1a \u00abYour Health Your Choice\u00bb para proteger el derecho de elecci\u00f3n de los pacientes&lt;\/label&gt;&lt;\/li&gt;&lt;!&#8211; [et_pb_line_break_holder] &#8211;&gt;&lt;\/ul&gt;&lt;!&#8211; [et_pb_line_break_holder] &#8211;&gt;&lt;\/div&gt;&lt;!&#8211; [et_pb_line_break_holder] &#8211;&gt;&lt;div id=&quot;mce-responses&quot; class=&quot;clear&quot;&gt;&lt;!&#8211; [et_pb_line_break_holder] &#8211;&gt;&lt;div class=&quot;response&quot; id=&quot;mce-error-response&quot; style=&quot;display:none&quot;&gt;&lt;\/div&gt;&lt;!&#8211; [et_pb_line_break_holder] &#8211;&gt;&lt;div class=&quot;response&quot; id=&quot;mce-success-response&quot; style=&quot;display:none&quot;&gt;&lt;\/div&gt;&lt;!&#8211; [et_pb_line_break_holder] &#8211;&gt;&lt;\/div&gt; &lt;!&#8211; real people should not fill this in and expect good things &#8211; do not remove this or risk form bot signups&#8211;&gt;&lt;!&#8211; [et_pb_line_break_holder] &#8211;&gt;&lt;div style=&quot;position: absolute; left: -5000px;&quot; aria-hidden=&quot;true&quot;&gt;&lt;input type=&quot;text&quot; name=&quot;b_28017978e682696519703e2c1_ebc22cdb27&quot; tabindex=&quot;-1&quot; value=&quot;&quot;&gt;&lt;\/div&gt;&lt;!&#8211; [et_pb_line_break_holder] &#8211;&gt;&lt;div class=&quot;clear&quot;&gt;&lt;input type=&quot;submit&quot; value=&quot;Release The First Report!&quot; name=&quot;subscribe&quot; id=&quot;mc-embedded-subscribe&quot; class=&quot;button&quot;&gt;&lt;\/div&gt;&lt;!&#8211; [et_pb_line_break_holder] &#8211;&gt;&lt;\/div&gt;&lt;!&#8211; [et_pb_line_break_holder] &#8211;&gt;&lt;\/form&gt;&lt;!&#8211; [et_pb_line_break_holder] &#8211;&gt;&lt;\/div&gt;&lt;!&#8211; [et_pb_line_break_holder] &#8211;&gt;&lt;!&#8211; [et_pb_line_break_holder] &#8211;&gt;&lt;!&#8211;End mc_embed_signup&#8211;&gt;[\/et_pb_code][\/et_pb_column][et_pb_column type=\u00bb1_2&#8243; _builder_version=\u00bb3.0.47&#8243; parallax=\u00bboff\u00bb parallax_method=\u00bbon\u00bb][et_pb_text _builder_version=\u00bb3.2.2&#8243;]<\/p>\n<h2>Participe<\/h2>\n<p><b>\u00a0<\/b><\/p>\n<p><span><strong>Reg\u00edstrese<\/strong> \u2014 A\u00f1ada su nombre a la lista de personas en todo el mundo que exigen que el NHMRC publique su primer informe. Rellenar el formulario requiere tiempo, pero su participaci\u00f3n puede marcar la diferencia.<\/span><\/p>\n<p><span>Comparta su experiencia \u2014 Con nosotros, con sus amigos y familiares\u2026 \u00a1con todo el mundo! Cuantas m\u00e1s personas conozcan los beneficios de la homeopat\u00eda y hayan escuchado alg\u00fan caso de \u00e9xito, m\u00e1s dif\u00edcil ser\u00e1 negar su eficacia. <\/span><a href=\"mailto:'info@releasethefirstreport.com'\"><span>Comparta su experiencia<\/span>.<\/a><\/p>\n<p><span><strong>Contacte con nosotros<\/strong> \u2014 Mantenerse actualizado significa que ser\u00e1 el\/la primero\/a en conocer las \u00faltimas actividades y avances en esta fundamental campa\u00f1a. Tambi\u00e9n puede conectar con nosotros a trav\u00e9s de las redes sociales y ayudarnos a divulgar las noticias.<\/span><\/p>\n<p><span><strong>Haga una donaci\u00f3n<\/strong> \u2014 Las campa\u00f1as cuestan dinero, por lo que le agradeceremos cualquier aportaci\u00f3n que nos ayude a conseguir que el informe oculto del NHMRC salga a la luz. <\/span><a href=\"http:\/\/www.4homeopathy.org\/donate\/\"><span>Haga una donaci\u00f3n<\/span><\/a>!<\/p>\n<p>[\/et_pb_text][et_pb_social_media_follow _builder_version=\u00bb3.2.2&#8243; text_orientation=\u00bbcenter\u00bb][et_pb_social_media_follow_network social_network=\u00bbfacebook\u00bb url=\u00bbhttps:\/\/www.facebook.com\/ReleaseTheFirstReport\/\u00bb _builder_version=\u00bb3.2.2&#8243; background_color=\u00bb#3b5998&#8243; follow_button=\u00bboff\u00bb url_new_window=\u00bbon\u00bb]facebook[\/et_pb_social_media_follow_network][et_pb_social_media_follow_network social_network=\u00bbtwitter\u00bb url=\u00bbhttp:\/\/twitter.com\/showusaus\u00bb _builder_version=\u00bb3.2.2&#8243; background_color=\u00bb#00aced\u00bb follow_button=\u00bboff\u00bb url_new_window=\u00bbon\u00bb]twitter[\/et_pb_social_media_follow_network][et_pb_social_media_follow_network social_network=\u00bbinstagram\u00bb url=\u00bbhttp:\/\/instagram.com\/showusaus\u00bb _builder_version=\u00bb3.2.2&#8243; background_color=\u00bb#ea2c59&#8243; follow_button=\u00bboff\u00bb url_new_window=\u00bbon\u00bb]instagram[\/et_pb_social_media_follow_network][\/et_pb_social_media_follow][\/et_pb_column][\/et_pb_row][\/et_pb_section][et_pb_section fb_built=\u00bb1&#8243; _builder_version=\u00bb3.2.2&#8243; background_color=\u00bb#8dc63f\u00bb custom_padding=\u00bb0|0px|0|0px|false|false\u00bb][et_pb_row custom_padding=\u00bb50px|0px|50px|0px|false|false\u00bb _builder_version=\u00bb3.2.2&#8243; background_color=\u00bb#8dc63f\u00bb][et_pb_column type=\u00bb4_4&#8243; _builder_version=\u00bb3.0.47&#8243; parallax=\u00bboff\u00bb parallax_method=\u00bbon\u00bb][et_pb_image src=\u00bbhttps:\/\/rtfr.wpengine.com\/wp-content\/uploads\/2018\/05\/h-logo-greenbackground.png\u00bb align=\u00bbcenter\u00bb _builder_version=\u00bb3.2.2&#8243; background_color=\u00bb#8dc63f\u00bb][\/et_pb_image][\/et_pb_column][\/et_pb_row][\/et_pb_section]<\/p>\n","protected":false},"excerpt":{"rendered":"<p>NHMRC\u2019s report on Homeopathy is being used worldwide as scientific proof that homeopathy doesn\u2019t work.<br \/>\nThe public has a right to see what result they got the FIRST time. Join the growing number of people around the world calling on NHMRC to #ReleaseTheFirstReport<\/p>\n","protected":false},"author":4,"featured_media":1087,"parent":0,"menu_order":0,"comment_status":"closed","ping_status":"closed","template":"","meta":{"_et_pb_use_builder":"on","_et_pb_old_content":"","footnotes":""},"class_list":["post-1123","page","type-page","status-publish","has-post-thumbnail","hentry"],"yoast_head":"<!-- This site is optimized with the Yoast SEO plugin v21.9 - https:\/\/yoast.com\/wordpress\/plugins\/seo\/ -->\n<title>Firme la petici\u00f3n - Release The First Report<\/title>\n<meta name=\"robots\" content=\"index, follow, max-snippet:-1, max-image-preview:large, max-video-preview:-1\" \/>\n<link rel=\"canonical\" href=\"https:\/\/releasethefirstreport.com\/es\/join-the-campaign\" \/>\n<meta property=\"og:locale\" content=\"es_ES\" \/>\n<meta property=\"og:type\" content=\"article\" \/>\n<meta property=\"og:title\" content=\"Firme la petici\u00f3n - Release The First Report\" \/>\n<meta property=\"og:description\" content=\"NHMRC\u2019s report on Homeopathy is being used worldwide as scientific proof that homeopathy doesn\u2019t work. The public has a right to see what result they got the FIRST time. Join the growing number of people around the world calling on NHMRC to #ReleaseTheFirstReport\" \/>\n<meta property=\"og:url\" content=\"https:\/\/releasethefirstreport.com\/join-the-campaign\" \/>\n<meta property=\"og:site_name\" content=\"Release The First Report\" \/>\n<meta property=\"article:modified_time\" content=\"2018-10-08T20:25:15+00:00\" \/>\n<meta property=\"og:image\" content=\"https:\/\/releasethefirstreport.com\/wp-content\/uploads\/2018\/08\/SHOW-AUSTRALIATHE-WORLDIS-WATCHING-1.png\" \/>\n\t<meta property=\"og:image:width\" content=\"1200\" \/>\n\t<meta property=\"og:image:height\" content=\"630\" \/>\n\t<meta property=\"og:image:type\" content=\"image\/png\" \/>\n<meta name=\"twitter:card\" content=\"summary_large_image\" \/>\n<meta name=\"twitter:label1\" content=\"Tiempo de lectura\" \/>\n\t<meta name=\"twitter:data1\" content=\"8 minutos\" \/>\n<script type=\"application\/ld+json\" class=\"yoast-schema-graph\">{\"@context\":\"https:\/\/schema.org\",\"@graph\":[{\"@type\":\"WebPage\",\"@id\":\"https:\/\/releasethefirstreport.com\/join-the-campaign\",\"url\":\"https:\/\/releasethefirstreport.com\/join-the-campaign\",\"name\":\"Firme la petici\u00f3n - Release The First Report\",\"isPartOf\":{\"@id\":\"https:\/\/releasethefirstreport.com\/#website\"},\"datePublished\":\"2018-10-08T16:10:37+00:00\",\"dateModified\":\"2018-10-08T20:25:15+00:00\",\"breadcrumb\":{\"@id\":\"https:\/\/releasethefirstreport.com\/join-the-campaign#breadcrumb\"},\"inLanguage\":\"es\",\"potentialAction\":[{\"@type\":\"ReadAction\",\"target\":[\"https:\/\/releasethefirstreport.com\/join-the-campaign\"]}]},{\"@type\":\"BreadcrumbList\",\"@id\":\"https:\/\/releasethefirstreport.com\/join-the-campaign#breadcrumb\",\"itemListElement\":[{\"@type\":\"ListItem\",\"position\":1,\"name\":\"Home\",\"item\":\"https:\/\/releasethefirstreport.com\/\"},{\"@type\":\"ListItem\",\"position\":2,\"name\":\"Firme la petici\u00f3n\"}]},{\"@type\":\"WebSite\",\"@id\":\"https:\/\/releasethefirstreport.com\/#website\",\"url\":\"https:\/\/releasethefirstreport.com\/\",\"name\":\"Release The First Report\",\"description\":\"Show us the first review\",\"potentialAction\":[{\"@type\":\"SearchAction\",\"target\":{\"@type\":\"EntryPoint\",\"urlTemplate\":\"https:\/\/releasethefirstreport.com\/?s={search_term_string}\"},\"query-input\":\"required name=search_term_string\"}],\"inLanguage\":\"es\"}]}<\/script>\n<!-- \/ Yoast SEO plugin. -->","yoast_head_json":{"title":"Firme la petici\u00f3n - Release The First Report","robots":{"index":"index","follow":"follow","max-snippet":"max-snippet:-1","max-image-preview":"max-image-preview:large","max-video-preview":"max-video-preview:-1"},"canonical":"https:\/\/releasethefirstreport.com\/es\/join-the-campaign","og_locale":"es_ES","og_type":"article","og_title":"Firme la petici\u00f3n - Release The First Report","og_description":"NHMRC\u2019s report on Homeopathy is being used worldwide as scientific proof that homeopathy doesn\u2019t work. The public has a right to see what result they got the FIRST time. Join the growing number of people around the world calling on NHMRC to #ReleaseTheFirstReport","og_url":"https:\/\/releasethefirstreport.com\/join-the-campaign","og_site_name":"Release The First Report","article_modified_time":"2018-10-08T20:25:15+00:00","og_image":[{"width":1200,"height":630,"url":"https:\/\/releasethefirstreport.com\/wp-content\/uploads\/2018\/08\/SHOW-AUSTRALIATHE-WORLDIS-WATCHING-1.png","type":"image\/png"}],"twitter_card":"summary_large_image","twitter_misc":{"Tiempo de lectura":"8 minutos"},"schema":{"@context":"https:\/\/schema.org","@graph":[{"@type":"WebPage","@id":"https:\/\/releasethefirstreport.com\/join-the-campaign","url":"https:\/\/releasethefirstreport.com\/join-the-campaign","name":"Firme la petici\u00f3n - Release The First Report","isPartOf":{"@id":"https:\/\/releasethefirstreport.com\/#website"},"datePublished":"2018-10-08T16:10:37+00:00","dateModified":"2018-10-08T20:25:15+00:00","breadcrumb":{"@id":"https:\/\/releasethefirstreport.com\/join-the-campaign#breadcrumb"},"inLanguage":"es","potentialAction":[{"@type":"ReadAction","target":["https:\/\/releasethefirstreport.com\/join-the-campaign"]}]},{"@type":"BreadcrumbList","@id":"https:\/\/releasethefirstreport.com\/join-the-campaign#breadcrumb","itemListElement":[{"@type":"ListItem","position":1,"name":"Home","item":"https:\/\/releasethefirstreport.com\/"},{"@type":"ListItem","position":2,"name":"Firme la petici\u00f3n"}]},{"@type":"WebSite","@id":"https:\/\/releasethefirstreport.com\/#website","url":"https:\/\/releasethefirstreport.com\/","name":"Release The First Report","description":"Show us the first review","potentialAction":[{"@type":"SearchAction","target":{"@type":"EntryPoint","urlTemplate":"https:\/\/releasethefirstreport.com\/?s={search_term_string}"},"query-input":"required name=search_term_string"}],"inLanguage":"es"}]}},"_links":{"self":[{"href":"https:\/\/releasethefirstreport.com\/es\/wp-json\/wp\/v2\/pages\/1123","targetHints":{"allow":["GET"]}}],"collection":[{"href":"https:\/\/releasethefirstreport.com\/es\/wp-json\/wp\/v2\/pages"}],"about":[{"href":"https:\/\/releasethefirstreport.com\/es\/wp-json\/wp\/v2\/types\/page"}],"author":[{"embeddable":true,"href":"https:\/\/releasethefirstreport.com\/es\/wp-json\/wp\/v2\/users\/4"}],"replies":[{"embeddable":true,"href":"https:\/\/releasethefirstreport.com\/es\/wp-json\/wp\/v2\/comments?post=1123"}],"version-history":[{"count":0,"href":"https:\/\/releasethefirstreport.com\/es\/wp-json\/wp\/v2\/pages\/1123\/revisions"}],"wp:featuredmedia":[{"embeddable":true,"href":"https:\/\/releasethefirstreport.com\/es\/wp-json\/wp\/v2\/media\/1087"}],"wp:attachment":[{"href":"https:\/\/releasethefirstreport.com\/es\/wp-json\/wp\/v2\/media?parent=1123"}],"curies":[{"name":"wp","href":"https:\/\/api.w.org\/{rel}","templated":true}]}}