{"id":1131,"date":"2018-10-08T20:45:29","date_gmt":"2018-10-08T20:45:29","guid":{"rendered":"https:\/\/rtfr.wpengine.com\/?page_id=1131"},"modified":"2018-10-08T20:45:55","modified_gmt":"2018-10-08T20:45:55","slug":"contacto","status":"publish","type":"page","link":"https:\/\/releasethefirstreport.com\/es\/contacto","title":{"rendered":"Contacto"},"content":{"rendered":"<p>[et_pb_section bb_built=\u00bb1&#8243; _builder_version=\u00bb3.0.47&#8243; custom_padding=\u00bb0|0px|0|0px|false|false\u00bb next_background_color=\u00bb#8dc63f\u00bb][et_pb_row custom_padding=\u00bb65px|0px|38px|0px|false|false\u00bb _builder_version=\u00bb3.0.47&#8243; background_size=\u00bbinitial\u00bb background_position=\u00bbtop_left\u00bb background_repeat=\u00bbrepeat\u00bb][et_pb_column type=\u00bb1_2&#8243;][et_pb_text _builder_version=\u00bb3.2.2&#8243;]<\/p>\n<p><strong>CONSULTAS SOBRE LA CAMPA\u00d1A<\/strong><\/p>\n<p>Rellene el formulario de contacto y nos pondremos en contacto con usted.<\/p>\n<p><strong>CONTACTO DE PRENSA<\/strong><\/p>\n<p>Env\u00ede un e-mail a\u00a0<a href=\"mailto:info@releasethefirstreport.com\">info@releasethefirstreport.com<\/a><\/p>\n<p><strong>CONSULTAS SOBRE HOMEOPAT\u00cdA<\/strong><\/p>\n<p><span style=\"font-weight: 400;\">Si desea obtener informaci\u00f3n general sobre la homeopat\u00eda, sobre c\u00f3mo encontrar un tratamiento o formarse como home\u00f3pata en el Reino Unido visite <\/span><a href=\"http:\/\/www.findahomeopath.org\/\"><span style=\"font-weight: 400;\">www.findahomeopath.org<\/span><\/a><span style=\"font-weight: 400;\">.<\/span><\/p>\n<p>El grupo\u00a0<a href=\"http:\/\/4homeopathy.org\">4Homeopathy<\/a>\u00a0gestiona la campa\u00f1a #ReleaseTheFirstReport.<\/p>\n<p>&nbsp;<\/p>\n<p>[\/et_pb_text][\/et_pb_column][et_pb_column type=\u00bb1_2&#8243;][et_pb_contact_form email=\u00bbreleasethefirstreport@gmail.com\u00bb title=\u00bbContacto\u00bb success_message=\u00bbThanks for your enquiry. We will be in touch shortly. \u00bb module_id=\u00bbet_pb_contact_form_0&#8243; _builder_version=\u00bb3.14&#8243; custom_button=\u00bbon\u00bb button_text_color=\u00bb#000000&#8243; button_bg_color=\u00bb#8dc63f\u00bb button_border_color=\u00bb#8dc63f\u00bb button_text_color_hover=\u00bb#8dc63f\u00bb button_bg_color_hover=\u00bb#000000&#8243; button_border_color_hover=\u00bb#000000&#8243;][et_pb_contact_field field_id=\u00bbName\u00bb field_title=\u00bbName\u00bb _builder_version=\u00bb3.2.2&#8243;][\/et_pb_contact_field][et_pb_contact_field field_id=\u00bbEmail\u00bb field_title=\u00bbEmail Address\u00bb field_type=\u00bbemail\u00bb _builder_version=\u00bb3.2.2&#8243;][\/et_pb_contact_field][et_pb_contact_field field_id=\u00bbMessage\u00bb field_title=\u00bbMessage\u00bb field_type=\u00bbtext\u00bb fullwidth_field=\u00bbon\u00bb _builder_version=\u00bb3.2.2&#8243;][\/et_pb_contact_field][\/et_pb_contact_form][\/et_pb_column][\/et_pb_row][\/et_pb_section][et_pb_section bb_built=\u00bb1&#8243; _builder_version=\u00bb3.2.2&#8243; background_color=\u00bb#8dc63f\u00bb custom_padding=\u00bb0|0px|0|0px|false|false\u00bb prev_background_color=\u00bb#ffffff\u00bb][et_pb_row custom_padding=\u00bb50px|0px|50px|0px|false|false\u00bb _builder_version=\u00bb3.2.2&#8243;][et_pb_column type=\u00bb4_4&#8243;][et_pb_image src=\u00bbhttps:\/\/rtfr.wpengine.com\/wp-content\/uploads\/2018\/05\/h-logo-greenbackground.png\u00bb align=\u00bbcenter\u00bb _builder_version=\u00bb3.2.2&#8243;]<br \/>\n[\/et_pb_image][\/et_pb_column][\/et_pb_row][\/et_pb_section]<\/p>\n","protected":false},"excerpt":{"rendered":"<p>[et_pb_section bb_built=\u00bb1&#8243; _builder_version=\u00bb3.0.47&#8243; custom_padding=\u00bb0|0px|0|0px|false|false\u00bb next_background_color=\u00bb#8dc63f\u00bb][et_pb_row custom_padding=\u00bb65px|0px|38px|0px|false|false\u00bb _builder_version=\u00bb3.0.47&#8243; background_size=\u00bbinitial\u00bb background_position=\u00bbtop_left\u00bb background_repeat=\u00bbrepeat\u00bb][et_pb_column type=\u00bb1_2&#8243;][et_pb_text _builder_version=\u00bb3.2.2&#8243;] CONSULTAS SOBRE LA CAMPA\u00d1A Rellene el formulario de contacto y nos pondremos en contacto con usted. CONTACTO DE PRENSA Env\u00ede un e-mail a\u00a0info@releasethefirstreport.com CONSULTAS SOBRE HOMEOPAT\u00cdA Si desea obtener informaci\u00f3n general sobre la homeopat\u00eda, sobre c\u00f3mo encontrar un tratamiento o formarse como home\u00f3pata [&hellip;]<\/p>\n","protected":false},"author":4,"featured_media":0,"parent":0,"menu_order":0,"comment_status":"closed","ping_status":"closed","template":"","meta":{"_et_pb_use_builder":"on","_et_pb_old_content":"","footnotes":""},"class_list":["post-1131","page","type-page","status-publish","hentry"],"yoast_head":"<!-- This site is optimized with the Yoast SEO plugin v21.9 - https:\/\/yoast.com\/wordpress\/plugins\/seo\/ -->\n<title>Contacto - Release The First Report<\/title>\n<meta name=\"robots\" content=\"index, follow, max-snippet:-1, max-image-preview:large, max-video-preview:-1\" \/>\n<link rel=\"canonical\" href=\"https:\/\/releasethefirstreport.com\/es\/contact\" \/>\n<meta property=\"og:locale\" content=\"es_ES\" \/>\n<meta property=\"og:type\" content=\"article\" \/>\n<meta property=\"og:title\" content=\"Contacto - Release The First Report\" \/>\n<meta property=\"og:description\" content=\"[et_pb_section bb_built=\u00bb1&#8243; _builder_version=\u00bb3.0.47&#8243; custom_padding=\u00bb0|0px|0|0px|false|false\u00bb next_background_color=\u00bb#8dc63f\u00bb][et_pb_row custom_padding=\u00bb65px|0px|38px|0px|false|false\u00bb _builder_version=\u00bb3.0.47&#8243; background_size=\u00bbinitial\u00bb background_position=\u00bbtop_left\u00bb background_repeat=\u00bbrepeat\u00bb][et_pb_column type=\u00bb1_2&#8243;][et_pb_text _builder_version=\u00bb3.2.2&#8243;] CONSULTAS SOBRE LA CAMPA\u00d1A Rellene el formulario de contacto y nos pondremos en contacto con usted. CONTACTO DE PRENSA Env\u00ede un e-mail a\u00a0info@releasethefirstreport.com CONSULTAS SOBRE HOMEOPAT\u00cdA Si desea obtener informaci\u00f3n general sobre la homeopat\u00eda, sobre c\u00f3mo encontrar un tratamiento o formarse como home\u00f3pata [&hellip;]\" \/>\n<meta property=\"og:url\" content=\"https:\/\/releasethefirstreport.com\/contact\" \/>\n<meta property=\"og:site_name\" content=\"Release The First Report\" \/>\n<meta property=\"article:modified_time\" content=\"2018-10-08T20:45:55+00:00\" \/>\n<meta property=\"og:image\" content=\"https:\/\/releasethefirstreport.com\/wp-content\/uploads\/2018\/09\/Facebook.png\" \/>\n\t<meta property=\"og:image:width\" content=\"1200\" \/>\n\t<meta property=\"og:image:height\" content=\"630\" \/>\n\t<meta property=\"og:image:type\" content=\"image\/png\" \/>\n<meta name=\"twitter:card\" content=\"summary_large_image\" \/>\n<meta name=\"twitter:label1\" content=\"Tiempo de lectura\" \/>\n\t<meta name=\"twitter:data1\" content=\"2 minutos\" \/>\n<script type=\"application\/ld+json\" class=\"yoast-schema-graph\">{\"@context\":\"https:\/\/schema.org\",\"@graph\":[{\"@type\":\"WebPage\",\"@id\":\"https:\/\/releasethefirstreport.com\/contact\",\"url\":\"https:\/\/releasethefirstreport.com\/contact\",\"name\":\"Contacto - Release The First Report\",\"isPartOf\":{\"@id\":\"https:\/\/releasethefirstreport.com\/#website\"},\"datePublished\":\"2018-10-08T20:45:29+00:00\",\"dateModified\":\"2018-10-08T20:45:55+00:00\",\"breadcrumb\":{\"@id\":\"https:\/\/releasethefirstreport.com\/contact#breadcrumb\"},\"inLanguage\":\"es\",\"potentialAction\":[{\"@type\":\"ReadAction\",\"target\":[\"https:\/\/releasethefirstreport.com\/contact\"]}]},{\"@type\":\"BreadcrumbList\",\"@id\":\"https:\/\/releasethefirstreport.com\/contact#breadcrumb\",\"itemListElement\":[{\"@type\":\"ListItem\",\"position\":1,\"name\":\"Home\",\"item\":\"https:\/\/releasethefirstreport.com\/\"},{\"@type\":\"ListItem\",\"position\":2,\"name\":\"Contacto\"}]},{\"@type\":\"WebSite\",\"@id\":\"https:\/\/releasethefirstreport.com\/#website\",\"url\":\"https:\/\/releasethefirstreport.com\/\",\"name\":\"Release The First Report\",\"description\":\"Show us the first review\",\"potentialAction\":[{\"@type\":\"SearchAction\",\"target\":{\"@type\":\"EntryPoint\",\"urlTemplate\":\"https:\/\/releasethefirstreport.com\/?s={search_term_string}\"},\"query-input\":\"required name=search_term_string\"}],\"inLanguage\":\"es\"}]}<\/script>\n<!-- \/ Yoast SEO plugin. -->","yoast_head_json":{"title":"Contacto - Release The First Report","robots":{"index":"index","follow":"follow","max-snippet":"max-snippet:-1","max-image-preview":"max-image-preview:large","max-video-preview":"max-video-preview:-1"},"canonical":"https:\/\/releasethefirstreport.com\/es\/contact","og_locale":"es_ES","og_type":"article","og_title":"Contacto - Release The First Report","og_description":"[et_pb_section bb_built=\u00bb1&#8243; _builder_version=\u00bb3.0.47&#8243; custom_padding=\u00bb0|0px|0|0px|false|false\u00bb next_background_color=\u00bb#8dc63f\u00bb][et_pb_row custom_padding=\u00bb65px|0px|38px|0px|false|false\u00bb _builder_version=\u00bb3.0.47&#8243; background_size=\u00bbinitial\u00bb background_position=\u00bbtop_left\u00bb background_repeat=\u00bbrepeat\u00bb][et_pb_column type=\u00bb1_2&#8243;][et_pb_text _builder_version=\u00bb3.2.2&#8243;] CONSULTAS SOBRE LA CAMPA\u00d1A Rellene el formulario de contacto y nos pondremos en contacto con usted. CONTACTO DE PRENSA Env\u00ede un e-mail a\u00a0info@releasethefirstreport.com CONSULTAS SOBRE HOMEOPAT\u00cdA Si desea obtener informaci\u00f3n general sobre la homeopat\u00eda, sobre c\u00f3mo encontrar un tratamiento o formarse como home\u00f3pata [&hellip;]","og_url":"https:\/\/releasethefirstreport.com\/contact","og_site_name":"Release The First Report","article_modified_time":"2018-10-08T20:45:55+00:00","og_image":[{"width":1200,"height":630,"url":"https:\/\/releasethefirstreport.com\/wp-content\/uploads\/2018\/09\/Facebook.png","type":"image\/png"}],"twitter_card":"summary_large_image","twitter_misc":{"Tiempo de lectura":"2 minutos"},"schema":{"@context":"https:\/\/schema.org","@graph":[{"@type":"WebPage","@id":"https:\/\/releasethefirstreport.com\/contact","url":"https:\/\/releasethefirstreport.com\/contact","name":"Contacto - Release The First Report","isPartOf":{"@id":"https:\/\/releasethefirstreport.com\/#website"},"datePublished":"2018-10-08T20:45:29+00:00","dateModified":"2018-10-08T20:45:55+00:00","breadcrumb":{"@id":"https:\/\/releasethefirstreport.com\/contact#breadcrumb"},"inLanguage":"es","potentialAction":[{"@type":"ReadAction","target":["https:\/\/releasethefirstreport.com\/contact"]}]},{"@type":"BreadcrumbList","@id":"https:\/\/releasethefirstreport.com\/contact#breadcrumb","itemListElement":[{"@type":"ListItem","position":1,"name":"Home","item":"https:\/\/releasethefirstreport.com\/"},{"@type":"ListItem","position":2,"name":"Contacto"}]},{"@type":"WebSite","@id":"https:\/\/releasethefirstreport.com\/#website","url":"https:\/\/releasethefirstreport.com\/","name":"Release The First Report","description":"Show us the first review","potentialAction":[{"@type":"SearchAction","target":{"@type":"EntryPoint","urlTemplate":"https:\/\/releasethefirstreport.com\/?s={search_term_string}"},"query-input":"required name=search_term_string"}],"inLanguage":"es"}]}},"_links":{"self":[{"href":"https:\/\/releasethefirstreport.com\/es\/wp-json\/wp\/v2\/pages\/1131","targetHints":{"allow":["GET"]}}],"collection":[{"href":"https:\/\/releasethefirstreport.com\/es\/wp-json\/wp\/v2\/pages"}],"about":[{"href":"https:\/\/releasethefirstreport.com\/es\/wp-json\/wp\/v2\/types\/page"}],"author":[{"embeddable":true,"href":"https:\/\/releasethefirstreport.com\/es\/wp-json\/wp\/v2\/users\/4"}],"replies":[{"embeddable":true,"href":"https:\/\/releasethefirstreport.com\/es\/wp-json\/wp\/v2\/comments?post=1131"}],"version-history":[{"count":0,"href":"https:\/\/releasethefirstreport.com\/es\/wp-json\/wp\/v2\/pages\/1131\/revisions"}],"wp:attachment":[{"href":"https:\/\/releasethefirstreport.com\/es\/wp-json\/wp\/v2\/media?parent=1131"}],"curies":[{"name":"wp","href":"https:\/\/api.w.org\/{rel}","templated":true}]}}