{"id":1008,"date":"2018-05-15T09:20:44","date_gmt":"2018-05-15T09:20:44","guid":{"rendered":"https:\/\/rtfr.wpengine.com\/home"},"modified":"2019-09-09T13:48:26","modified_gmt":"2019-09-09T13:48:26","slug":"home","status":"publish","type":"page","link":"https:\/\/releasethefirstreport.com\/fr","title":{"rendered":"ACCUEIL"},"content":{"rendered":"<p>[et_pb_section fb_built=\u00a0\u00bb1&Prime; fullwidth=\u00a0\u00bbon\u00a0\u00bb _builder_version=\u00a0\u00bb3.22&Prime; background_color=\u00a0\u00bb#000000&Prime; background_video_mp4=\u00a0\u00bbhttps:\/\/rtfr.wpengine.com\/wp-content\/uploads\/2018\/05\/NHMRC5_1080p.mp4&Prime; custom_margin=\u00a0\u00bb0px||-6px|\u00a0\u00bb custom_padding=\u00a0\u00bb0|0px|0|0px|false|false\u00a0\u00bb fb_built=\u00a0\u00bb1&Prime; _i=\u00a0\u00bb0&Prime; _address=\u00a0\u00bb0&Prime;][et_pb_fullwidth_image src=\u00a0\u00bbhttps:\/\/rtfr.wpengine.com\/wp-content\/uploads\/2019\/08\/ReleasedReport.jpg\u00a0\u00bb _builder_version=\u00a0\u00bb3.27.3&Prime; hover_enabled=\u00a0\u00bb0&Prime;][\/et_pb_fullwidth_image][\/et_pb_section][et_pb_section fb_built=\u00a0\u00bb1&Prime; specialty=\u00a0\u00bbon\u00a0\u00bb _builder_version=\u00a0\u00bb3.22&Prime; custom_padding=\u00a0\u00bb0|0px|0|0px|false|false\u00a0\u00bb fb_built=\u00a0\u00bb1&Prime; _i=\u00a0\u00bb1&Prime; _address=\u00a0\u00bb1&Prime;][et_pb_column type=\u00a0\u00bb1_2&Prime; specialty_columns=\u00a0\u00bb2&Prime; _builder_version=\u00a0\u00bb3.25&Prime; custom_padding=\u00a0\u00bb|||\u00a0\u00bb _i=\u00a0\u00bb0&Prime; _address=\u00a0\u00bb1.0&Prime; custom_padding__hover=\u00a0\u00bb|||\u00a0\u00bb][et_pb_row_inner _builder_version=\u00a0\u00bb3.25&Prime; _i=\u00a0\u00bb0&Prime; _address=\u00a0\u00bb1.0.0&Prime;][et_pb_column_inner saved_specialty_column_type=\u00a0\u00bb1_2&Prime; _builder_version=\u00a0\u00bb3.25&Prime; custom_padding=\u00a0\u00bb|||\u00a0\u00bb _i=\u00a0\u00bb0&Prime; _address=\u00a0\u00bb1.0.0.0&Prime; custom_padding__hover=\u00a0\u00bb|||\u00a0\u00bb][et_pb_text _builder_version=\u00a0\u00bb3.14&Prime; custom_margin=\u00a0\u00bb||-1px|\u00a0\u00bb custom_padding=\u00a0\u00bb||0px|\u00a0\u00bb _i=\u00a0\u00bb0&Prime; _address=\u00a0\u00bb1.0.0.0.0&Prime;]<\/p>\n<h1 style=\"text-align: center;\"><span style=\"font-weight: 400;\">Signez la p\u00e9tition<\/span><\/h1>\n<p>[\/et_pb_text][et_pb_code _i=\u00a0\u00bb1&Prime; _address=\u00a0\u00bb1.0.0.0.1&Prime;]<!-- Begin MailChimp Signup Form --><!-- [et_pb_line_break_holder] --><link href=\"\/\/cdn-images.mailchimp.com\/embedcode\/classic-10_7.css\" rel=\"stylesheet\" type=\"text\/css\"><!-- [et_pb_line_break_holder] --><\/p>\n<style type=\"text\/css\"><!-- [et_pb_line_break_holder] --> #mc_embed_signup{background:#fff; clear:left; font:15px Arial,sans-serif; }<!-- [et_pb_line_break_holder] --> #mc-embedded-subscribe { background-color: #8dc63f !important; }<!-- [et_pb_line_break_holder] -->#mc-embedded-subscribe:hover { background-color: #d40000 !important; }<!-- [et_pb_line_break_holder] --> \/* Add your own MailChimp form style overrides in your site stylesheet or in this style block.<!-- [et_pb_line_break_holder] --> We recommend moving this block and the preceding CSS link to the HEAD of your HTML file. *\/<!-- [et_pb_line_break_holder] --><\/style>\n<p><!-- [et_pb_line_break_holder] --><\/p>\n<div id=\"mc_embed_signup\"><!-- [et_pb_line_break_holder] --><\/p>\n<form action=\"https:\/\/releasethefirstreport.us18.list-manage.com\/subscribe\/post?u=28017978e682696519703e2c1&#038;id=ebc22cdb27\" method=\"post\" id=\"mc-embedded-subscribe-form\" name=\"mc-embedded-subscribe-form\" class=\"validate\" target=\"none\" novalidate><!-- [et_pb_line_break_holder] --> <\/p>\n<div id=\"mc_embed_signup_scroll\"><!-- [et_pb_line_break_holder] --><\/p>\n<div class=\"indicates-required\"><span class=\"asterisk\">*<\/span> indicates required<\/div>\n<p><!-- [et_pb_line_break_holder] --><\/p>\n<div class=\"mc-field-group\"><!-- [et_pb_line_break_holder] --> <label for=\"mce-EMAIL\">Adress e-mail <span class=\"asterisk\">*<\/span><!-- [et_pb_line_break_holder] --><\/label><!-- [et_pb_line_break_holder] --> <input type=\"email\" value=\"\" name=\"EMAIL\" class=\"required email\" id=\"mce-EMAIL\"><!-- [et_pb_line_break_holder] --><\/div>\n<p><!-- [et_pb_line_break_holder] --><\/p>\n<div class=\"mc-field-group\"><!-- [et_pb_line_break_holder] --> <label for=\"mce-FNAME\">Pr\u00e9nom <!-- [et_pb_line_break_holder] --> <\/label><!-- [et_pb_line_break_holder] --> <input type=\"text\" value=\"\" name=\"FNAME\" class=\"\" id=\"mce-FNAME\"><!-- [et_pb_line_break_holder] --><\/div>\n<p><!-- [et_pb_line_break_holder] --><\/p>\n<div class=\"mc-field-group\"><!-- [et_pb_line_break_holder] --> <label for=\"mce-LNAME\">Nom de famille <!-- [et_pb_line_break_holder] --> <\/label><!-- [et_pb_line_break_holder] --> <input type=\"text\" value=\"\" name=\"LNAME\" class=\"\" id=\"mce-LNAME\"><!-- [et_pb_line_break_holder] --><\/div>\n<p><!-- [et_pb_line_break_holder] --><\/p>\n<div class=\"mc-field-group\"><!-- [et_pb_line_break_holder] --> <label for=\"mce-MMERGE5\">Pays <span class=\"asterisk\">*<\/span><!-- [et_pb_line_break_holder] --><\/label><!-- [et_pb_line_break_holder] --> <input type=\"text\" value=\"\" name=\"MMERGE5\" class=\"required\" id=\"mce-MMERGE5\"><!-- [et_pb_line_break_holder] --><\/div>\n<p><!-- [et_pb_line_break_holder] --><\/p>\n<div class=\"mc-field-group input-group\"><!-- [et_pb_line_break_holder] --> <strong>Contact de pr\u00e9f\u00e9rence <\/strong><!-- [et_pb_line_break_holder] --> <\/p>\n<ul>\n<li><input type=\"checkbox\" value=\"1\" name=\"group[681][1]\" id=\"mce-group[681]-681-0\"><label for=\"mce-group[681]-681-0\">Veuillez me tenir au courant de l\u2019\u00e9volution de cette campagne<\/label><\/li>\n<p><!-- [et_pb_line_break_holder] --><\/p>\n<li><input type=\"checkbox\" value=\"2\" name=\"group[681][2]\" id=\"mce-group[681]-681-1\"><label for=\"mce-group[681]-681-1\">J&rsquo;aimerais aussi participer \u00e0 la campagne \u00ab Your Health \u2013 Your Choice \u00bb pour prot\u00e9ger le choix des patients<\/label><\/li>\n<p><!-- [et_pb_line_break_holder] --><\/ul>\n<p><!-- [et_pb_line_break_holder] --><\/div>\n<p><!-- [et_pb_line_break_holder] --> <\/p>\n<div id=\"mce-responses\" class=\"clear\"><!-- [et_pb_line_break_holder] --> <\/p>\n<div class=\"response\" id=\"mce-error-response\" style=\"display:none\"><\/div>\n<p><!-- [et_pb_line_break_holder] --> <\/p>\n<div class=\"response\" id=\"mce-success-response\" style=\"display:none\"><\/div>\n<p><!-- [et_pb_line_break_holder] --> <\/div>\n<p> <!-- real people should not fill this in and expect good things - do not remove this or risk form bot signups--><!-- [et_pb_line_break_holder] --> <\/p>\n<div style=\"position: absolute; left: -5000px;\" aria-hidden=\"true\"><input type=\"text\" name=\"b_28017978e682696519703e2c1_ebc22cdb27\" tabindex=\"-1\" value=\"\"><\/div>\n<p><!-- [et_pb_line_break_holder] --> <\/p>\n<div class=\"clear\"><input type=\"submit\" value=\"Release The First Report!\" name=\"subscribe\" id=\"mc-embedded-subscribe\" class=\"button\"><\/div>\n<p><!-- [et_pb_line_break_holder] --> <\/div>\n<p><!-- [et_pb_line_break_holder] --><\/form>\n<p><!-- [et_pb_line_break_holder] --><\/div>\n<p><!-- [et_pb_line_break_holder] --><!-- [et_pb_line_break_holder] --><!--End mc_embed_signup-->[\/et_pb_code][et_pb_code _builder_version=\u00a0\u00bb3.27.3&Prime; hover_enabled=\u00a0\u00bb0&Prime;]<\/p>\n<div style=\"max-width:940px;margin: 0 auto; padding: 40px 0; background-color: #000000;\"><!-- [et_pb_line_break_holder] --><script src=\"https:\/\/fast.wistia.com\/embed\/medias\/f5ms3yns0t.jsonp\" async><\/script><script src=\"https:\/\/fast.wistia.com\/assets\/external\/E-v1.js\" async><\/script><\/p>\n<div class=\"wistia_responsive_padding\" style=\"padding:56.25% 0 0 0;position:relative;\">\n<div class=\"wistia_responsive_wrapper\" style=\"height:100%;left:0;position:absolute;top:0;width:100%;\">\n<div class=\"wistia_embed wistia_async_f5ms3yns0t videoFoam=true\" style=\"height:100%;position:relative;width:100%\">\n<div class=\"wistia_swatch\" style=\"height:100%;left:0;opacity:0;overflow:hidden;position:absolute;top:0;transition:opacity 200ms;width:100%;\"><img decoding=\"async\" src=\"https:\/\/fast.wistia.com\/embed\/medias\/f5ms3yns0t\/swatch\" style=\"filter:blur(5px);height:100%;object-fit:contain;width:100%;\" alt=\"\" onload=\"this.parentNode.style.opacity=1;\" \/><\/div>\n<\/div>\n<\/div>\n<\/div>\n<p><!-- [et_pb_line_break_holder] --><\/div>\n<p>[\/et_pb_code][\/et_pb_column_inner][\/et_pb_row_inner][\/et_pb_column][et_pb_column type=\u00a0\u00bb1_2&Prime; _builder_version=\u00a0\u00bb3.25&Prime; custom_padding=\u00a0\u00bb|||\u00a0\u00bb _i=\u00a0\u00bb1&Prime; _address=\u00a0\u00bb1.1&Prime; custom_padding__hover=\u00a0\u00bb|||\u00a0\u00bb][et_pb_text admin_label=\u00a0\u00bbMailChimp sub count\u00a0\u00bb _builder_version=\u00a0\u00bb3.14&Prime; _i=\u00a0\u00bb0&Prime; _address=\u00a0\u00bb1.1.0&Prime;]<div class=\"et_pb_bg_layout_light et_pb_text_align_center et_pb_with_title\" style=\"margin: 0 auto 30px;\"><div class=\"percent\" style=\"position: relative;height: 72px;margin-bottom: 20px;\"><p style=\"font-size: 72px;font-weight: 500;line-height: 72px;\"><span class=\"percent-value\" id=\"hri_cc_counter\">75472<\/span><\/p><\/div><h3 class=\"title\">Personnes r\u00e9parties dans le monde demandent la publication du Premier Rapport<\/h3><\/div><script>jQuery(document).ready(function(){ jQuery(\"#hri_cc_counter\").counterUp({ delay: 10, time: 2000 }); });window.cc.count = 75472;window.cc.message = \"Personnes r\u00e9parties dans le monde demandent la publication du Premier Rapport\";<\/script><br \/>\n[\/et_pb_text][et_pb_video_slider controls_color=\u00a0\u00bblight\u00a0\u00bb _builder_version=\u00a0\u00bb3.14&Prime; _i=\u00a0\u00bb1&Prime; _address=\u00a0\u00bb1.1.1&Prime;][et_pb_video_slider_item src=\u00a0\u00bbhttps:\/\/youtu.be\/qefdabuef50&Prime; _builder_version=\u00a0\u00bb3.14&Prime; show_image_overlay=\u00a0\u00bboff\u00a0\u00bb _i=\u00a0\u00bb0&Prime; _address=\u00a0\u00bb1.1.1.0&Prime;][\/et_pb_video_slider_item][et_pb_video_slider_item src=\u00a0\u00bbhttps:\/\/youtu.be\/BLAbPk71wIE\u00a0\u00bb _builder_version=\u00a0\u00bb3.10&Prime; show_image_overlay=\u00a0\u00bboff\u00a0\u00bb _i=\u00a0\u00bb1&Prime; _address=\u00a0\u00bb1.1.1.1&Prime;][\/et_pb_video_slider_item][et_pb_video_slider_item src=\u00a0\u00bbhttps:\/\/youtu.be\/_o-IPz4iOq0&Prime; _builder_version=\u00a0\u00bb3.10&Prime; show_image_overlay=\u00a0\u00bboff\u00a0\u00bb _i=\u00a0\u00bb2&Prime; _address=\u00a0\u00bb1.1.1.2&Prime;][\/et_pb_video_slider_item][\/et_pb_video_slider][et_pb_text _builder_version=\u00a0\u00bb3.14&Prime; _i=\u00a0\u00bb2&Prime; _address=\u00a0\u00bb1.1.2&Prime;]<\/p>\n<p style=\"text-align: center;\"><strong>Le rapport NHMRC sur l\u2019hom\u00e9opathie est utilis\u00e9 \u00e0 travers le monde comme preuve scientifique que l\u2019hom\u00e9opathie ne fonctionne pas.<\/strong><\/p>\n<p style=\"text-align: center;\"><strong>Le public a le droit de savoir quels r\u00e9sultats ils ont obtenus la PREMIERE fois.<\/strong><\/p>\n<p>[\/et_pb_text][et_pb_social_media_follow _builder_version=\u00a0\u00bb3.2.2&Prime; text_orientation=\u00a0\u00bbcenter\u00a0\u00bb _i=\u00a0\u00bb3&Prime; _address=\u00a0\u00bb1.1.3&Prime;][et_pb_social_media_follow_network social_network=\u00a0\u00bbfacebook\u00a0\u00bb url=\u00a0\u00bbhttps:\/\/www.facebook.com\/ReleaseTheFirstReport\u00a0\u00bb _builder_version=\u00a0\u00bb3.2.2&Prime; background_color=\u00a0\u00bb#3b5998&Prime; follow_button=\u00a0\u00bboff\u00a0\u00bb url_new_window=\u00a0\u00bbon\u00a0\u00bb _i=\u00a0\u00bb0&Prime; _address=\u00a0\u00bb1.1.3.0&Prime;]facebook[\/et_pb_social_media_follow_network][et_pb_social_media_follow_network social_network=\u00a0\u00bbtwitter\u00a0\u00bb url=\u00a0\u00bbhttp:\/\/twitter.com\/showusaus\u00a0\u00bb _builder_version=\u00a0\u00bb3.2.2&Prime; background_color=\u00a0\u00bb#00aced\u00a0\u00bb follow_button=\u00a0\u00bboff\u00a0\u00bb url_new_window=\u00a0\u00bbon\u00a0\u00bb _i=\u00a0\u00bb1&Prime; _address=\u00a0\u00bb1.1.3.1&Prime;]twitter[\/et_pb_social_media_follow_network][et_pb_social_media_follow_network social_network=\u00a0\u00bbinstagram\u00a0\u00bb url=\u00a0\u00bbhttp:\/\/instagram.com\/showusaus\u00a0\u00bb _builder_version=\u00a0\u00bb3.2.2&Prime; background_color=\u00a0\u00bb#ea2c59&Prime; follow_button=\u00a0\u00bboff\u00a0\u00bb url_new_window=\u00a0\u00bbon\u00a0\u00bb _i=\u00a0\u00bb2&Prime; _address=\u00a0\u00bb1.1.3.2&Prime;]instagram[\/et_pb_social_media_follow_network][\/et_pb_social_media_follow][et_pb_blurb title=\u00a0\u00bbLe contexte\u00a0\u00bb icon_placement=\u00a0\u00bbleft\u00a0\u00bb _builder_version=\u00a0\u00bb3.14&Prime; body_font_size=\u00a0\u00bb16px\u00a0\u00bb _i=\u00a0\u00bb2&Prime; _address=\u00a0\u00bb1.0.0.0.2&Prime; custom_padding=\u00a0\u00bb||0px|||\u00a0\u00bb]<span style=\"font-weight: 400;\">L&rsquo;Institut de recherche du gouvernement australien, NHMRC, a fait la une avec son rapport de 2015 o\u00f9 il d\u00e9clare que l&rsquo;hom\u00e9opathie est \u00a0inefficace pour tout \u00e9tat de sant\u00e9. Le NHMRC n\u2019a jamais d\u00e9clar\u00e9 que le rapport qu\u2019il publiait ne constituait pas les conclusions originales. Ce rapport \u00e9tait le second\u00a0; le premier ayant \u00e9t\u00e9 compl\u00e8tement occult\u00e9. Ils sont repartis de z\u00e9ro et ont publi\u00e9 le second rapport.<\/span><a href=\"releasethefirstreport.com\/the-full-story\"><br \/>\n<\/a><\/p>\n<p><span style=\"font-weight: 400;\">Rejoignez le nombre de plus en plus important de personnes \u00a0\u00e0 travers le monde qui demandent que le NHMRC publie le Premier Rapport. <a href=\"https:\/\/rtfr.wpengine.com\/fr\/lhistoire-complete\">Histoire compl\u00e8te<\/a>.<\/span><br \/>\n[\/et_pb_blurb][\/et_pb_column][\/et_pb_section][et_pb_section fb_built=\u00a0\u00bb1&Prime; _builder_version=\u00a0\u00bb3.22&Prime; custom_padding=\u00a0\u00bb50px|0px|0|0px|false|false\u00a0\u00bb fb_built=\u00a0\u00bb1&Prime; _i=\u00a0\u00bb2&Prime; _address=\u00a0\u00bb2&Prime;][et_pb_row _builder_version=\u00a0\u00bb3.25&Prime; background_size=\u00a0\u00bbinitial\u00a0\u00bb background_position=\u00a0\u00bbtop_left\u00a0\u00bb background_repeat=\u00a0\u00bbrepeat\u00a0\u00bb custom_padding=\u00a0\u00bb0|0px|0|0px|false|false\u00a0\u00bb _i=\u00a0\u00bb0&Prime; _address=\u00a0\u00bb2.0&Prime;][et_pb_column type=\u00a0\u00bb4_4&Prime; _builder_version=\u00a0\u00bb3.25&Prime; custom_padding=\u00a0\u00bb|||\u00a0\u00bb _i=\u00a0\u00bb0&Prime; _address=\u00a0\u00bb2.0.0&Prime; custom_padding__hover=\u00a0\u00bb|||\u00a0\u00bb][et_pb_blog fullwidth=\u00a0\u00bboff\u00a0\u00bb posts_number=\u00a0\u00bb3&Prime; show_author=\u00a0\u00bboff\u00a0\u00bb _builder_version=\u00a0\u00bb3.10&Prime; _i=\u00a0\u00bb0&Prime; _address=\u00a0\u00bb2.0.0.0&Prime;]&nbsp;<br \/>\n[\/et_pb_blog][\/et_pb_column][\/et_pb_row][\/et_pb_section][et_pb_section fb_built=\u00a0\u00bb1&Prime; _builder_version=\u00a0\u00bb3.22&Prime; background_color=\u00a0\u00bb#8dc63f\u00a0\u00bb custom_padding=\u00a0\u00bb0|0px|0|0px|true|false\u00a0\u00bb fb_built=\u00a0\u00bb1&Prime; _i=\u00a0\u00bb3&Prime; _address=\u00a0\u00bb3&Prime;][et_pb_row _builder_version=\u00a0\u00bb3.25&Prime; background_color=\u00a0\u00bb#8dc63f\u00a0\u00bb custom_padding=\u00a0\u00bb50px|0px|50px|0px|false|false\u00a0\u00bb _i=\u00a0\u00bb0&Prime; _address=\u00a0\u00bb3.0&Prime;][et_pb_column type=\u00a0\u00bb4_4&Prime; _builder_version=\u00a0\u00bb3.25&Prime; custom_padding=\u00a0\u00bb|||\u00a0\u00bb _i=\u00a0\u00bb0&Prime; _address=\u00a0\u00bb3.0.0&Prime; custom_padding__hover=\u00a0\u00bb|||\u00a0\u00bb][et_pb_image src=\u00a0\u00bbhttps:\/\/rtfr.wpengine.com\/wp-content\/uploads\/2018\/05\/h-logo-greenbackground.png\u00a0\u00bb align=\u00a0\u00bbcenter\u00a0\u00bb align_tablet=\u00a0\u00bbcenter\u00a0\u00bb align_last_edited=\u00a0\u00bbon|desktop\u00a0\u00bb _builder_version=\u00a0\u00bb3.23&Prime; saved_tabs=\u00a0\u00bball\u00a0\u00bb _i=\u00a0\u00bb0&Prime; _address=\u00a0\u00bb3.0.0.0&Prime;]&nbsp;<br \/>\n[\/et_pb_image][\/et_pb_column][\/et_pb_row][\/et_pb_section]<\/p>\n","protected":false},"excerpt":{"rendered":"<p>NHMRC\u2019s report on Homeopathy is being used worldwide as scientific proof that homeopathy doesn\u2019t work.<br \/>\nThe public has a right to see what result they got the FIRST time. Join the growing number of people around the world calling on NHMRC to #ReleaseTheFirstReport<\/p>\n","protected":false},"author":2,"featured_media":1333,"parent":0,"menu_order":0,"comment_status":"closed","ping_status":"closed","template":"","meta":{"_et_pb_use_builder":"on","_et_pb_old_content":"","footnotes":""},"class_list":["post-1008","page","type-page","status-publish","has-post-thumbnail","hentry"],"yoast_head":"<!-- This site is optimized with the Yoast SEO plugin v21.9 - https:\/\/yoast.com\/wordpress\/plugins\/seo\/ -->\n<title>NHMRC Homeopathy - Release The First Report<\/title>\n<meta name=\"description\" content=\"NHMRC\u2019s report on Homeopathy is being used worldwide as scientific proof that homeopathy doesn\u2019t work. The public has a right to see their FIRST result.\" \/>\n<meta name=\"robots\" content=\"index, follow, max-snippet:-1, max-image-preview:large, max-video-preview:-1\" \/>\n<link rel=\"canonical\" href=\"https:\/\/releasethefirstreport.com\/fr\" \/>\n<meta property=\"og:locale\" content=\"fr_FR\" \/>\n<meta property=\"og:type\" content=\"article\" \/>\n<meta property=\"og:title\" content=\"Sign the petition, help us #ReleaseTheFirstReport\" \/>\n<meta property=\"og:description\" content=\"NHMRC\u2019s report on Homeopathy is being used worldwide as scientific proof that homeopathy doesn\u2019t work. The public has a right to see their FIRST result.\" \/>\n<meta property=\"og:url\" content=\"https:\/\/releasethefirstreport.com\/\" \/>\n<meta property=\"og:site_name\" content=\"Release The First Report\" \/>\n<meta property=\"article:modified_time\" content=\"2019-09-09T13:48:26+00:00\" \/>\n<meta property=\"og:image\" content=\"https:\/\/releasethefirstreport.com\/wp-content\/uploads\/2019\/08\/ReleasedReport.jpg\" \/>\n\t<meta property=\"og:image:width\" content=\"1024\" \/>\n\t<meta property=\"og:image:height\" content=\"512\" \/>\n\t<meta property=\"og:image:type\" content=\"image\/jpeg\" \/>\n<meta name=\"twitter:card\" content=\"summary_large_image\" \/>\n<meta name=\"twitter:title\" content=\"Sign the petition, help us #ReleaseTheFirstReport\" \/>\n<meta name=\"twitter:label1\" content=\"Dur\u00e9e de lecture estim\u00e9e\" \/>\n\t<meta name=\"twitter:data1\" content=\"4 minutes\" \/>\n<script type=\"application\/ld+json\" class=\"yoast-schema-graph\">{\"@context\":\"https:\/\/schema.org\",\"@graph\":[{\"@type\":\"WebPage\",\"@id\":\"https:\/\/releasethefirstreport.com\/\",\"url\":\"https:\/\/releasethefirstreport.com\/\",\"name\":\"NHMRC Homeopathy - Release The First Report\",\"isPartOf\":{\"@id\":\"https:\/\/releasethefirstreport.com\/#website\"},\"datePublished\":\"2018-05-15T09:20:44+00:00\",\"dateModified\":\"2019-09-09T13:48:26+00:00\",\"description\":\"NHMRC\u2019s report on Homeopathy is being used worldwide as scientific proof that homeopathy doesn\u2019t work. The public has a right to see their FIRST result.\",\"breadcrumb\":{\"@id\":\"https:\/\/releasethefirstreport.com\/#breadcrumb\"},\"inLanguage\":\"fr-FR\",\"potentialAction\":[{\"@type\":\"ReadAction\",\"target\":[\"https:\/\/releasethefirstreport.com\/\"]}]},{\"@type\":\"BreadcrumbList\",\"@id\":\"https:\/\/releasethefirstreport.com\/#breadcrumb\",\"itemListElement\":[{\"@type\":\"ListItem\",\"position\":1,\"name\":\"Home\",\"item\":\"https:\/\/releasethefirstreport.com\/\"},{\"@type\":\"ListItem\",\"position\":2,\"name\":\"ACCUEIL\"}]},{\"@type\":\"WebSite\",\"@id\":\"https:\/\/releasethefirstreport.com\/#website\",\"url\":\"https:\/\/releasethefirstreport.com\/\",\"name\":\"Release The First Report\",\"description\":\"Show us the first review\",\"potentialAction\":[{\"@type\":\"SearchAction\",\"target\":{\"@type\":\"EntryPoint\",\"urlTemplate\":\"https:\/\/releasethefirstreport.com\/?s={search_term_string}\"},\"query-input\":\"required name=search_term_string\"}],\"inLanguage\":\"fr-FR\"}]}<\/script>\n<!-- \/ Yoast SEO plugin. -->","yoast_head_json":{"title":"NHMRC Homeopathy - Release The First Report","description":"NHMRC\u2019s report on Homeopathy is being used worldwide as scientific proof that homeopathy doesn\u2019t work. The public has a right to see their FIRST result.","robots":{"index":"index","follow":"follow","max-snippet":"max-snippet:-1","max-image-preview":"max-image-preview:large","max-video-preview":"max-video-preview:-1"},"canonical":"https:\/\/releasethefirstreport.com\/fr","og_locale":"fr_FR","og_type":"article","og_title":"Sign the petition, help us #ReleaseTheFirstReport","og_description":"NHMRC\u2019s report on Homeopathy is being used worldwide as scientific proof that homeopathy doesn\u2019t work. The public has a right to see their FIRST result.","og_url":"https:\/\/releasethefirstreport.com\/","og_site_name":"Release The First Report","article_modified_time":"2019-09-09T13:48:26+00:00","og_image":[{"width":1024,"height":512,"url":"https:\/\/releasethefirstreport.com\/wp-content\/uploads\/2019\/08\/ReleasedReport.jpg","type":"image\/jpeg"}],"twitter_card":"summary_large_image","twitter_title":"Sign the petition, help us #ReleaseTheFirstReport","twitter_misc":{"Dur\u00e9e de lecture estim\u00e9e":"4 minutes"},"schema":{"@context":"https:\/\/schema.org","@graph":[{"@type":"WebPage","@id":"https:\/\/releasethefirstreport.com\/","url":"https:\/\/releasethefirstreport.com\/","name":"NHMRC Homeopathy - Release The First Report","isPartOf":{"@id":"https:\/\/releasethefirstreport.com\/#website"},"datePublished":"2018-05-15T09:20:44+00:00","dateModified":"2019-09-09T13:48:26+00:00","description":"NHMRC\u2019s report on Homeopathy is being used worldwide as scientific proof that homeopathy doesn\u2019t work. The public has a right to see their FIRST result.","breadcrumb":{"@id":"https:\/\/releasethefirstreport.com\/#breadcrumb"},"inLanguage":"fr-FR","potentialAction":[{"@type":"ReadAction","target":["https:\/\/releasethefirstreport.com\/"]}]},{"@type":"BreadcrumbList","@id":"https:\/\/releasethefirstreport.com\/#breadcrumb","itemListElement":[{"@type":"ListItem","position":1,"name":"Home","item":"https:\/\/releasethefirstreport.com\/"},{"@type":"ListItem","position":2,"name":"ACCUEIL"}]},{"@type":"WebSite","@id":"https:\/\/releasethefirstreport.com\/#website","url":"https:\/\/releasethefirstreport.com\/","name":"Release The First Report","description":"Show us the first review","potentialAction":[{"@type":"SearchAction","target":{"@type":"EntryPoint","urlTemplate":"https:\/\/releasethefirstreport.com\/?s={search_term_string}"},"query-input":"required name=search_term_string"}],"inLanguage":"fr-FR"}]}},"_links":{"self":[{"href":"https:\/\/releasethefirstreport.com\/fr\/wp-json\/wp\/v2\/pages\/1008","targetHints":{"allow":["GET"]}}],"collection":[{"href":"https:\/\/releasethefirstreport.com\/fr\/wp-json\/wp\/v2\/pages"}],"about":[{"href":"https:\/\/releasethefirstreport.com\/fr\/wp-json\/wp\/v2\/types\/page"}],"author":[{"embeddable":true,"href":"https:\/\/releasethefirstreport.com\/fr\/wp-json\/wp\/v2\/users\/2"}],"replies":[{"embeddable":true,"href":"https:\/\/releasethefirstreport.com\/fr\/wp-json\/wp\/v2\/comments?post=1008"}],"version-history":[{"count":0,"href":"https:\/\/releasethefirstreport.com\/fr\/wp-json\/wp\/v2\/pages\/1008\/revisions"}],"wp:featuredmedia":[{"embeddable":true,"href":"https:\/\/releasethefirstreport.com\/fr\/wp-json\/wp\/v2\/media\/1333"}],"wp:attachment":[{"href":"https:\/\/releasethefirstreport.com\/fr\/wp-json\/wp\/v2\/media?parent=1008"}],"curies":[{"name":"wp","href":"https:\/\/api.w.org\/{rel}","templated":true}]}}