{"id":1035,"date":"2018-10-02T12:08:52","date_gmt":"2018-10-02T12:08:52","guid":{"rendered":"https:\/\/rtfr.wpengine.com\/?page_id=1035"},"modified":"2018-10-07T18:44:15","modified_gmt":"2018-10-07T18:44:15","slug":"background","status":"publish","type":"page","link":"https:\/\/releasethefirstreport.com\/fr\/background","title":{"rendered":"Contexte"},"content":{"rendered":"<p>[et_pb_section fb_built=\u00a0\u00bb1&Prime; _builder_version=\u00a0\u00bb3.0.47&Prime; custom_padding=\u00a0\u00bb54px|0px|50px|0px|false|false\u00a0\u00bb][et_pb_row custom_padding=\u00a0\u00bb0|0px|0|0px|false|false\u00a0\u00bb _builder_version=\u00a0\u00bb3.0.47&Prime; background_size=\u00a0\u00bbinitial\u00a0\u00bb background_position=\u00a0\u00bbtop_left\u00a0\u00bb background_repeat=\u00a0\u00bbrepeat\u00a0\u00bb][et_pb_column type=\u00a0\u00bb2_3&Prime; _builder_version=\u00a0\u00bb3.0.47&Prime; parallax=\u00a0\u00bboff\u00a0\u00bb parallax_method=\u00a0\u00bbon\u00a0\u00bb][et_pb_text _builder_version=\u00a0\u00bb3.10&Prime;]<\/p>\n<h3>Pr<span style=\"font-weight: 400;\">ot\u00e9ger le choix du patient<\/span><\/h3>\n<p><span style=\"font-size: 15px;\">La campagne <strong>#<\/strong><\/span><strong style=\"font-size: 15px;\"><i>ReleaseTheFirstReport <\/i><\/strong><span style=\"font-size: 15px;\">s\u2019appuie sur la campagne prim\u00e9e <\/span><i style=\"font-size: 15px;\">Your Health Your Choice<\/i><span style=\"font-size: 15px;\">. Cette campagne a connu un succ\u00e8s retentissant, donnant aux consommateurs une voix qui contribue \u00e0 prot\u00e9ger l\u2019acc\u00e8s aux m\u00e9decines compl\u00e9mentaires et alternatives en Australie. <\/span><i style=\"font-size: 15px;\">Your Health Your Choice<\/i><span style=\"font-size: 15px;\"> a fait conna\u00eetre les lacunes du rapport de 2015 du NHMRC sur l\u2019hom\u00e9opathie. Son site Web h\u00e9berge une p\u00e9tition demandant au gouvernement australien d\u2019exiger du NHMRC de rendre des comptes par le biais d\u2019une enqu\u00eate du S\u00e9nat.<\/span><\/p>\n<p><strong>Signer la p\u00e9tition <i>#ReleaseTheFirstReport<\/i><\/strong><span style=\"font-weight: 400;\"> rappellera au gouvernement australien que ce ne sont pas que les consommateurs australiens qui sont touch\u00e9s par leur rapport sur l\u2019hom\u00e9opathie &#8211; cela touche les gens du monde entier.<\/span><\/p>\n<p><span style=\"font-weight: 400;\">C\u2019est pourquoi nous disons que \u00ab\u00e7a suffit\u00bb. Il est temps que le NHMRC soit tenu responsable de ses manquements scientifiques et qu\u2019il publie le premier rapport.<\/span><\/p>\n<p>&nbsp;<\/p>\n<h3>S<span style=\"font-weight: 400;\">auver l&rsquo;hom\u00e9opathie et le choix du patient: pourquoi votre signature compte\u00a0?<\/span><\/h3>\n<p><span style=\"font-weight: 400;\">Politiquement, les chiffres comptent. Et le choix du patient est devenu un probl\u00e8me politique.<\/span><\/p>\n<p><span style=\"font-weight: 400;\">L&rsquo;hom\u00e9opathie est utilis\u00e9e depuis des si\u00e8cles, mais en 2018 un petit nombre de personnes bien connect\u00e9es exercent un lobbying intense, par ex. les membres des <\/span><i><span style=\"font-weight: 400;\">Friends of Science in Medecine<\/span><\/i><span style=\"font-weight: 400;\"> qui ont clairement indiqu\u00e9 leur objectif d&rsquo;\u00e9liminer l&rsquo;hom\u00e9opathie comme option de premiers soins de sant\u00e9.<\/span><\/p>\n<p><span style=\"font-weight: 400;\">Personne ne force quiconque \u00e0 utiliser les m\u00e9decines compl\u00e9mentaires. \u00a0\u00a0Pourtant, ces personnes travaillent sans rel\u00e2che &#8211; \u00e0 la fois politiquement et dans les m\u00e9dias &#8211; pour emp\u00eacher d&rsquo;autres personnes d&rsquo;acc\u00e9der aux m\u00e9dicaments et aux traitements <strong>qu&rsquo;elles<\/strong> appr\u00e9cient et <strong>qu&rsquo;elles<\/strong> souhaitent utiliser.<\/span><\/p>\n<p><span style=\"font-weight: 400;\">Pourquoi ces \u00absceptiques\u00bb estiment-ils avoir le droit d\u2019interdire est un myst\u00e8re complet mais leur objectif est clair. Il ne devrait y avoir aucun m\u00e9dicament disponible autre que les m\u00e9dicaments classiques, malgr\u00e9 les risques souvent associ\u00e9s \u00e0 cette approche.<\/span><\/p>\n<p><span style=\"font-weight: 400;\">Sous cette pression, la lutte pour sauver l&rsquo;hom\u00e9opathie n&rsquo;a jamais \u00e9t\u00e9 aussi urgente.<\/span><\/p>\n<p>&nbsp;<\/p>\n<p><span style=\"color: #333333; font-size: 22px;\">R<span style=\"font-weight: 400;\">appelez \u00e0 l&rsquo;Australie qu&rsquo;ils sont en d\u00e9calage avec d&rsquo;autres pays<\/span><\/span><\/p>\n<p><span style=\"font-weight: 400;\">L&rsquo;Organisation mondiale de la sant\u00e9 (OMS) reconna\u00eet l&rsquo;hom\u00e9opathie comme le deuxi\u00e8me syst\u00e8me de soin le plus utilis\u00e9 au monde. Des recherches scientifiques men\u00e9es en Suisse ont conclu qu\u2019il s\u2019agissait d\u2019une solution \u00abefficace, appropri\u00e9e et rentable\u00bb et qu\u2019elle \u00e9tait utilis\u00e9e dans le monde entier par plus de 200 millions de personnes.<\/span><\/p>\n<p><span style=\"font-weight: 400;\">Plus de 100 millions de citoyens europ\u00e9ens utilisent des m\u00e9dicaments hom\u00e9opathiques en vente libre ou prescrits, tandis qu&rsquo;au Royaume-Uni, 10% de la population utilise l&rsquo;hom\u00e9opathie, soit environ 6 millions de personnes.<\/span><\/p>\n<p><span style=\"font-weight: 400;\">En Inde, il existe plus de 200 000 m\u00e9decins hom\u00e9opathes et le traitement hom\u00e9opathique est pleinement int\u00e9gr\u00e9 aux soins de sant\u00e9 classiques, parall\u00e8lement \u00e0 la m\u00e9decine conventionnelle<\/span><span style=\"font-weight: 400;\">.<\/span><\/p>\n<p><span style=\"font-weight: 400;\"><strong>Les<\/strong> <strong>Suisses se sont battus avec succ\u00e8s pour prot\u00e9ger leur droit d&rsquo;acc\u00e8s aux traitements hom\u00e9opathiques, le gouvernement suisse accordant \u00e0 l&rsquo;hom\u00e9opathie et aux m\u00e9decines compl\u00e9mentaires un statut \u00e9gal \u00e0 celui de la m\u00e9decine conventionnelle<\/strong>. L\u2019ann\u00e9e m\u00eame o\u00f9 la Suisse publiait un rapport historique concluant que l\u2019hom\u00e9opathie \u00e9tait cliniquement efficace (2012), le NHMRC australien travaillait sur le rapport australien que les autorit\u00e9s sanitaires utilisent actuellement pour restreindre l\u2019acc\u00e8s \u00e0 l\u2019hom\u00e9opathie.<\/span><\/p>\n<p><span style=\"font-weight: 400;\">Les patients ont le droit de choisir des traitements qui fonctionnent pour eux &#8211; le non-respect flagrant du protocole scientifique par le NHMRC dans cet examen cr\u00e9e un pr\u00e9c\u00e9dent alarmant pour la prise de d\u00e9cision en mati\u00e8re de soins de sant\u00e9.<\/span><\/p>\n<p><span style=\"font-weight: 400;\">Exigez que le NHMRC <a href=\"https:\/\/rtfr.wpengine.com\/fr\/signer-la-petition\"><strong>PUBLIE LE PREMIER RAPPORT<\/strong><\/a>.<\/span><\/p>\n<p>&nbsp;<\/p>\n<p>&nbsp;<\/p>\n<p>[\/et_pb_text][\/et_pb_column][et_pb_column type=\u00a0\u00bb1_3&Prime; _builder_version=\u00a0\u00bb3.0.47&Prime; parallax=\u00a0\u00bboff\u00a0\u00bb parallax_method=\u00a0\u00bbon\u00a0\u00bb][et_pb_testimonial portrait_url=\u00a0\u00bbhttps:\/\/rtfr.wpengine.com\/wp-content\/uploads\/2018\/05\/gdendrinos.jpeg\u00a0\u00bb quote_icon_color=\u00a0\u00bb#ffffff\u00a0\u00bb quote_icon_background_color=\u00a0\u00bb#8dc63f\u00a0\u00bb portrait_width=\u00a0\u00bb165px\u00a0\u00bb portrait_height=\u00a0\u00bb165&Prime; _builder_version=\u00a0\u00bb3.2.2&Prime; box_shadow_style=\u00a0\u00bbpreset2&Prime;]<\/p>\n<p><i><span style=\"font-weight: 400;\">\u00abLe travail du NHMRC consistait \u00e0 r\u00e9sumer avec pr\u00e9cision toutes les donn\u00e9es probantes sur l\u2019hom\u00e9opathie. Nous nous sommes retrouv\u00e9s avec un examen biais\u00e9, ignorant les \u00e9l\u00e9ments de preuve positifs et qui a viol\u00e9 les normes obligatoires administratives et de recherche.<\/span><\/i><\/p>\n<p><i><span style=\"font-weight: 400;\">Non seulement c&rsquo;est une mauvaise science, mais cela soul\u00e8ve \u00e9galement des pr\u00e9occupations majeures quant \u00e0 la validit\u00e9 des examens du NHMRC. C\u2019est la raison pour laquelle nous avons d\u00fb faire appel \u00e0 un m\u00e9diateur. \u00bb<\/span><\/i><\/p>\n<p><strong>Gerry Dendrinos<br \/> <\/strong>Pr<i><span>\u00e9<\/span><\/i>sident<br \/> Australian Homoeopathic Association<\/p>\n<p>[\/et_pb_testimonial][et_pb_video src=\u00a0\u00bbhttps:\/\/youtu.be\/tTX_PQrsz8Y\u00a0\u00bb _builder_version=\u00a0\u00bb3.8&Prime; custom_margin=\u00a0\u00bb||5px|\u00a0\u00bb][\/et_pb_video][et_pb_text _builder_version=\u00a0\u00bb3.8&Prime;]<\/p>\n<p style=\"text-align: center;\">The Need for Homeopathy<\/p>\n<p>[\/et_pb_text][et_pb_video src=\u00a0\u00bbhttps:\/\/youtu.be\/ufBdqHf8480&Prime; _builder_version=\u00a0\u00bb3.10&Prime; custom_margin=\u00a0\u00bb||5px|\u00a0\u00bb][\/et_pb_video][et_pb_text _builder_version=\u00a0\u00bb3.10&Prime;]<\/p>\n<p style=\"text-align: center;\">Australian QC on Ombudsman Complaint<\/p>\n<p>[\/et_pb_text][et_pb_text _builder_version=\u00a0\u00bb3.10&Prime;]\r\n<div id=\"sb_instagram\"  class=\"sbi sbi_mob_col_4 sbi_tab_col_4 sbi_col_4 sbi_width_resp\" style=\"padding-bottom: 10px;width: 100%;\" data-feedid=\"sbi_#12\"  data-res=\"auto\" data-cols=\"4\" data-colsmobile=\"4\" data-colstablet=\"4\" data-num=\"12\" data-nummobile=\"\" data-shortcode-atts=\"{}\"  data-postid=\"1035\" data-locatornonce=\"f91907ad87\" data-sbi-flags=\"favorLocal,gdpr\">\r\n\t\r\n    <div id=\"sbi_images\"  style=\"padding: 5px;\">\r\n\t\t    <\/div>\r\n\r\n\t<div id=\"sbi_load\" >\r\n\r\n\t\r\n\t\r\n<\/div>\r\n\r\n\t    <span class=\"sbi_resized_image_data\" data-feed-id=\"sbi_#12\" data-resized=\"[]\">\n\t<\/span>\n\t<\/div>\r\n\r\n<br \/>\n[\/et_pb_text][\/et_pb_column][\/et_pb_row][\/et_pb_section][et_pb_section fb_built=\u00a0\u00bb1&Prime; _builder_version=\u00a0\u00bb3.2.2&Prime; background_color=\u00a0\u00bb#8dc63f\u00a0\u00bb custom_padding=\u00a0\u00bb0|0px|0|0px|false|false\u00a0\u00bb][et_pb_row custom_padding=\u00a0\u00bb50px|0px|50px|0px|false|false\u00a0\u00bb _builder_version=\u00a0\u00bb3.2.2&Prime; background_color=\u00a0\u00bb#8dc63f\u00a0\u00bb][et_pb_column type=\u00a0\u00bb4_4&Prime; _builder_version=\u00a0\u00bb3.0.47&Prime; parallax=\u00a0\u00bboff\u00a0\u00bb parallax_method=\u00a0\u00bbon\u00a0\u00bb][et_pb_image src=\u00a0\u00bbhttps:\/\/rtfr.wpengine.com\/wp-content\/uploads\/2018\/05\/h-logo-greenbackground.png\u00a0\u00bb align=\u00a0\u00bbcenter\u00a0\u00bb _builder_version=\u00a0\u00bb3.2.2&Prime;][\/et_pb_image][\/et_pb_column][\/et_pb_row][\/et_pb_section]<\/p>\n","protected":false},"excerpt":{"rendered":"<p>[et_pb_section fb_built=\u00a0\u00bb1&Prime; _builder_version=\u00a0\u00bb3.0.47&Prime; custom_padding=\u00a0\u00bb54px|0px|50px|0px|false|false\u00a0\u00bb][et_pb_row custom_padding=\u00a0\u00bb0|0px|0|0px|false|false\u00a0\u00bb _builder_version=\u00a0\u00bb3.0.47&Prime; background_size=\u00a0\u00bbinitial\u00a0\u00bb background_position=\u00a0\u00bbtop_left\u00a0\u00bb background_repeat=\u00a0\u00bbrepeat\u00a0\u00bb][et_pb_column type=\u00a0\u00bb2_3&Prime; _builder_version=\u00a0\u00bb3.0.47&Prime; parallax=\u00a0\u00bboff\u00a0\u00bb parallax_method=\u00a0\u00bbon\u00a0\u00bb][et_pb_text _builder_version=\u00a0\u00bb3.10&Prime;] Prot\u00e9ger le choix du patient La campagne #ReleaseTheFirstReport s\u2019appuie sur la campagne prim\u00e9e Your Health Your Choice. Cette campagne a connu un succ\u00e8s retentissant, donnant aux consommateurs une voix qui contribue \u00e0 prot\u00e9ger l\u2019acc\u00e8s aux m\u00e9decines compl\u00e9mentaires et alternatives en Australie. [&hellip;]<\/p>\n","protected":false},"author":4,"featured_media":0,"parent":0,"menu_order":0,"comment_status":"closed","ping_status":"closed","template":"","meta":{"_et_pb_use_builder":"on","_et_pb_old_content":"","footnotes":""},"class_list":["post-1035","page","type-page","status-publish","hentry"],"yoast_head":"<!-- This site is optimized with the Yoast SEO plugin v21.9 - https:\/\/yoast.com\/wordpress\/plugins\/seo\/ -->\n<title>Contexte - Release The First Report<\/title>\n<meta name=\"robots\" content=\"index, follow, max-snippet:-1, max-image-preview:large, max-video-preview:-1\" \/>\n<link rel=\"canonical\" href=\"https:\/\/releasethefirstreport.com\/fr\/background\" \/>\n<meta property=\"og:locale\" content=\"fr_FR\" \/>\n<meta property=\"og:type\" content=\"article\" \/>\n<meta property=\"og:title\" content=\"Contexte - Release The First Report\" \/>\n<meta property=\"og:description\" content=\"[et_pb_section fb_built=\u00a0\u00bb1&Prime; _builder_version=\u00a0\u00bb3.0.47&Prime; custom_padding=\u00a0\u00bb54px|0px|50px|0px|false|false\u00a0\u00bb][et_pb_row custom_padding=\u00a0\u00bb0|0px|0|0px|false|false\u00a0\u00bb _builder_version=\u00a0\u00bb3.0.47&Prime; background_size=\u00a0\u00bbinitial\u00a0\u00bb background_position=\u00a0\u00bbtop_left\u00a0\u00bb background_repeat=\u00a0\u00bbrepeat\u00a0\u00bb][et_pb_column type=\u00a0\u00bb2_3&Prime; _builder_version=\u00a0\u00bb3.0.47&Prime; parallax=\u00a0\u00bboff\u00a0\u00bb parallax_method=\u00a0\u00bbon\u00a0\u00bb][et_pb_text _builder_version=\u00a0\u00bb3.10&Prime;] Prot\u00e9ger le choix du patient La campagne #ReleaseTheFirstReport s\u2019appuie sur la campagne prim\u00e9e Your Health Your Choice. Cette campagne a connu un succ\u00e8s retentissant, donnant aux consommateurs une voix qui contribue \u00e0 prot\u00e9ger l\u2019acc\u00e8s aux m\u00e9decines compl\u00e9mentaires et alternatives en Australie. [&hellip;]\" \/>\n<meta property=\"og:url\" content=\"https:\/\/releasethefirstreport.com\/background\" \/>\n<meta property=\"og:site_name\" content=\"Release The First Report\" \/>\n<meta property=\"article:modified_time\" content=\"2018-10-07T18:44:15+00:00\" \/>\n<meta property=\"og:image\" content=\"https:\/\/releasethefirstreport.com\/wp-content\/uploads\/2018\/09\/Facebook.png\" \/>\n\t<meta property=\"og:image:width\" content=\"1200\" \/>\n\t<meta property=\"og:image:height\" content=\"630\" \/>\n\t<meta property=\"og:image:type\" content=\"image\/png\" \/>\n<meta name=\"twitter:card\" content=\"summary_large_image\" \/>\n<meta name=\"twitter:label1\" content=\"Dur\u00e9e de lecture estim\u00e9e\" \/>\n\t<meta name=\"twitter:data1\" content=\"5 minutes\" \/>\n<script type=\"application\/ld+json\" class=\"yoast-schema-graph\">{\"@context\":\"https:\/\/schema.org\",\"@graph\":[{\"@type\":\"WebPage\",\"@id\":\"https:\/\/releasethefirstreport.com\/background\",\"url\":\"https:\/\/releasethefirstreport.com\/background\",\"name\":\"Contexte - Release The First Report\",\"isPartOf\":{\"@id\":\"https:\/\/releasethefirstreport.com\/#website\"},\"datePublished\":\"2018-10-02T12:08:52+00:00\",\"dateModified\":\"2018-10-07T18:44:15+00:00\",\"breadcrumb\":{\"@id\":\"https:\/\/releasethefirstreport.com\/background#breadcrumb\"},\"inLanguage\":\"fr-FR\",\"potentialAction\":[{\"@type\":\"ReadAction\",\"target\":[\"https:\/\/releasethefirstreport.com\/background\"]}]},{\"@type\":\"BreadcrumbList\",\"@id\":\"https:\/\/releasethefirstreport.com\/background#breadcrumb\",\"itemListElement\":[{\"@type\":\"ListItem\",\"position\":1,\"name\":\"Home\",\"item\":\"https:\/\/releasethefirstreport.com\/\"},{\"@type\":\"ListItem\",\"position\":2,\"name\":\"Contexte\"}]},{\"@type\":\"WebSite\",\"@id\":\"https:\/\/releasethefirstreport.com\/#website\",\"url\":\"https:\/\/releasethefirstreport.com\/\",\"name\":\"Release The First Report\",\"description\":\"Show us the first review\",\"potentialAction\":[{\"@type\":\"SearchAction\",\"target\":{\"@type\":\"EntryPoint\",\"urlTemplate\":\"https:\/\/releasethefirstreport.com\/?s={search_term_string}\"},\"query-input\":\"required name=search_term_string\"}],\"inLanguage\":\"fr-FR\"}]}<\/script>\n<!-- \/ Yoast SEO plugin. -->","yoast_head_json":{"title":"Contexte - Release The First Report","robots":{"index":"index","follow":"follow","max-snippet":"max-snippet:-1","max-image-preview":"max-image-preview:large","max-video-preview":"max-video-preview:-1"},"canonical":"https:\/\/releasethefirstreport.com\/fr\/background","og_locale":"fr_FR","og_type":"article","og_title":"Contexte - Release The First Report","og_description":"[et_pb_section fb_built=\u00a0\u00bb1&Prime; _builder_version=\u00a0\u00bb3.0.47&Prime; custom_padding=\u00a0\u00bb54px|0px|50px|0px|false|false\u00a0\u00bb][et_pb_row custom_padding=\u00a0\u00bb0|0px|0|0px|false|false\u00a0\u00bb _builder_version=\u00a0\u00bb3.0.47&Prime; background_size=\u00a0\u00bbinitial\u00a0\u00bb background_position=\u00a0\u00bbtop_left\u00a0\u00bb background_repeat=\u00a0\u00bbrepeat\u00a0\u00bb][et_pb_column type=\u00a0\u00bb2_3&Prime; _builder_version=\u00a0\u00bb3.0.47&Prime; parallax=\u00a0\u00bboff\u00a0\u00bb parallax_method=\u00a0\u00bbon\u00a0\u00bb][et_pb_text _builder_version=\u00a0\u00bb3.10&Prime;] Prot\u00e9ger le choix du patient La campagne #ReleaseTheFirstReport s\u2019appuie sur la campagne prim\u00e9e Your Health Your Choice. Cette campagne a connu un succ\u00e8s retentissant, donnant aux consommateurs une voix qui contribue \u00e0 prot\u00e9ger l\u2019acc\u00e8s aux m\u00e9decines compl\u00e9mentaires et alternatives en Australie. [&hellip;]","og_url":"https:\/\/releasethefirstreport.com\/background","og_site_name":"Release The First Report","article_modified_time":"2018-10-07T18:44:15+00:00","og_image":[{"width":1200,"height":630,"url":"https:\/\/releasethefirstreport.com\/wp-content\/uploads\/2018\/09\/Facebook.png","type":"image\/png"}],"twitter_card":"summary_large_image","twitter_misc":{"Dur\u00e9e de lecture estim\u00e9e":"5 minutes"},"schema":{"@context":"https:\/\/schema.org","@graph":[{"@type":"WebPage","@id":"https:\/\/releasethefirstreport.com\/background","url":"https:\/\/releasethefirstreport.com\/background","name":"Contexte - Release The First Report","isPartOf":{"@id":"https:\/\/releasethefirstreport.com\/#website"},"datePublished":"2018-10-02T12:08:52+00:00","dateModified":"2018-10-07T18:44:15+00:00","breadcrumb":{"@id":"https:\/\/releasethefirstreport.com\/background#breadcrumb"},"inLanguage":"fr-FR","potentialAction":[{"@type":"ReadAction","target":["https:\/\/releasethefirstreport.com\/background"]}]},{"@type":"BreadcrumbList","@id":"https:\/\/releasethefirstreport.com\/background#breadcrumb","itemListElement":[{"@type":"ListItem","position":1,"name":"Home","item":"https:\/\/releasethefirstreport.com\/"},{"@type":"ListItem","position":2,"name":"Contexte"}]},{"@type":"WebSite","@id":"https:\/\/releasethefirstreport.com\/#website","url":"https:\/\/releasethefirstreport.com\/","name":"Release The First Report","description":"Show us the first review","potentialAction":[{"@type":"SearchAction","target":{"@type":"EntryPoint","urlTemplate":"https:\/\/releasethefirstreport.com\/?s={search_term_string}"},"query-input":"required name=search_term_string"}],"inLanguage":"fr-FR"}]}},"_links":{"self":[{"href":"https:\/\/releasethefirstreport.com\/fr\/wp-json\/wp\/v2\/pages\/1035","targetHints":{"allow":["GET"]}}],"collection":[{"href":"https:\/\/releasethefirstreport.com\/fr\/wp-json\/wp\/v2\/pages"}],"about":[{"href":"https:\/\/releasethefirstreport.com\/fr\/wp-json\/wp\/v2\/types\/page"}],"author":[{"embeddable":true,"href":"https:\/\/releasethefirstreport.com\/fr\/wp-json\/wp\/v2\/users\/4"}],"replies":[{"embeddable":true,"href":"https:\/\/releasethefirstreport.com\/fr\/wp-json\/wp\/v2\/comments?post=1035"}],"version-history":[{"count":0,"href":"https:\/\/releasethefirstreport.com\/fr\/wp-json\/wp\/v2\/pages\/1035\/revisions"}],"wp:attachment":[{"href":"https:\/\/releasethefirstreport.com\/fr\/wp-json\/wp\/v2\/media?parent=1035"}],"curies":[{"name":"wp","href":"https:\/\/api.w.org\/{rel}","templated":true}]}}